{"id":33825,"date":"2025-12-18T14:09:37","date_gmt":"2025-12-18T17:09:37","guid":{"rendered":"https:\/\/www.moorewear.com\/producto\/jacket-track\/"},"modified":"2026-04-30T11:45:23","modified_gmt":"2026-04-30T14:45:23","slug":"jacket-track","status":"publish","type":"product","link":"https:\/\/www.moorewear.com\/es\/producto\/jacket-track\/","title":{"rendered":"JACKET TRACK"},"content":{"rendered":"<p>La chaqueta Track est\u00e1 fabricada en poli\u00e9ster Ripstop 600D, que ofrece una alt\u00edsima resistencia al desgarro, y ha sido dise\u00f1ada tanto para conducci\u00f3n on-road como off-road. Incorpora un nuevo sistema de ventilaci\u00f3n de acceso r\u00e1pido en el pecho, adem\u00e1s de ventilaci\u00f3n en la espalda y en las mangas. El forro t\u00e9rmico desmontable y la membrana impermeable permiten su uso tanto en climas fr\u00edos como c\u00e1lidos, convirti\u00e9ndola en una aut\u00e9ntica chaqueta para los 12 meses del a\u00f1o, ideal para combinar con tu moto Trail. El forro t\u00e9rmico tambi\u00e9n puede utilizarse de manera independiente.<\/p>\n<p>Viene equipada con protecciones Comfort 2 ventiladas en codos y hombros, muy ligeras y flexibles, con certificaci\u00f3n CE Nivel 2. Adem\u00e1s, incluye un bolsillo interior para la colocaci\u00f3n opcional de un protector de espalda; recomendamos nuestro MR102Y, tambi\u00e9n con certificaci\u00f3n CE Nivel 2.<\/p>\n<p>La chaqueta est\u00e1 certificada conforme a la normativa europea EN 17092-4:2020, nivel A<\/p>","protected":false},"excerpt":{"rendered":"<p>Chaqueta de 3 capas para todo el a\u00f1o<br \/>\nTejido exterior de poli\u00e9ster Ripstop 600D<br \/>\nZonas reflectantes para una mayor visibilidad<br \/>\nMembrana MRX-WP 100 % impermeable<br \/>\nForro desmontable, puede utilizarse de forma independiente<br \/>\nDoble ajuste en las mangas<br \/>\nCintura ajustable<br \/>\nCuello ajustable<br \/>\nPu\u00f1os ajustables<br \/>\nBolsillos externos e internos<br \/>\nSistema de ventilaci\u00f3n variable en pecho, mangas y espalda<br \/>\nSistema de ventilaci\u00f3n r\u00e1pida con cierre magn\u00e9tico en el pecho<br \/>\nBolsillo utilitario trasero<br \/>\nCremalleras resistentes al agua<br \/>\nProtecciones desmontables en codos y hombros, certificadas seg\u00fan EN 1621-1:2012, CE Nivel 2<br \/>\nBolsillo para protector de espalda opcional (no incluido)<br \/>\nProducto certificado conforme a la normativa europea EN 17092-4:2020, nivel A.<\/p>","protected":false},"featured_media":32796,"template":"","meta":{"_acf_changed":false},"product_brand":[],"product_cat":[126],"product_tag":[134],"class_list":{"0":"post-33825","1":"product","2":"type-product","3":"status-publish","4":"has-post-thumbnail","6":"product_cat-jackets","7":"product_tag-men","8":"pa_size-s","9":"pa_size-m","10":"pa_size-l","11":"pa_size-xl","12":"pa_size-2xl","13":"pa_size-3xl","14":"pa_size-4xl","16":"first","17":"instock","18":"purchasable","19":"product-type-variable","20":"has-default-attributes"},"acf":[],"_links":{"self":[{"href":"https:\/\/www.moorewear.com\/es\/wp-json\/wp\/v2\/product\/33825","targetHints":{"allow":["GET"]}}],"collection":[{"href":"https:\/\/www.moorewear.com\/es\/wp-json\/wp\/v2\/product"}],"about":[{"href":"https:\/\/www.moorewear.com\/es\/wp-json\/wp\/v2\/types\/product"}],"version-history":[{"count":5,"href":"https:\/\/www.moorewear.com\/es\/wp-json\/wp\/v2\/product\/33825\/revisions"}],"predecessor-version":[{"id":35025,"href":"https:\/\/www.moorewear.com\/es\/wp-json\/wp\/v2\/product\/33825\/revisions\/35025"}],"wp:featuredmedia":[{"embeddable":true,"href":"https:\/\/www.moorewear.com\/es\/wp-json\/wp\/v2\/media\/32796"}],"wp:attachment":[{"href":"https:\/\/www.moorewear.com\/es\/wp-json\/wp\/v2\/media?parent=33825"}],"wp:term":[{"taxonomy":"product_brand","embeddable":true,"href":"https:\/\/www.moorewear.com\/es\/wp-json\/wp\/v2\/product_brand?post=33825"},{"taxonomy":"product_cat","embeddable":true,"href":"https:\/\/www.moorewear.com\/es\/wp-json\/wp\/v2\/product_cat?post=33825"},{"taxonomy":"product_tag","embeddable":true,"href":"https:\/\/www.moorewear.com\/es\/wp-json\/wp\/v2\/product_tag?post=33825"}],"curies":[{"name":"wp","href":"https:\/\/api.w.org\/{rel}","templated":true}]}}