{"id":33840,"date":"2025-12-18T14:10:06","date_gmt":"2025-12-18T17:10:06","guid":{"rendered":"https:\/\/www.moorewear.com\/producto\/jacket-f4\/"},"modified":"2026-01-14T10:35:26","modified_gmt":"2026-01-14T13:35:26","slug":"jacket-f4","status":"publish","type":"product","link":"https:\/\/www.moorewear.com\/es\/producto\/jacket-f4\/","title":{"rendered":"JACKET F4"},"content":{"rendered":"<p>La chaqueta F4 est\u00e1 confeccionada en poli\u00e9ster Ripstop 600D, ofreciendo una alta resistencia al desgarro, y est\u00e1 dise\u00f1ada para el uso urbano sin renunciar a su rendimiento en carretera. Incorpora capucha desmontable, ajuste en la cintura y en el bajo, cremalleras de ventilaci\u00f3n selladas en pecho y espalda, cuello regulable, zonas reflectantes para una mayor visibilidad, y bolsillos exteriores e interiores. El forro t\u00e9rmico Thermal Pro desmontable aporta aislamiento, mientras que las cremalleras laterales dobles ofrecen mayor amplitud para un confort superior.<br \/>\nDisponible en 3 colores para que puedas elegir el que mejor se adapte a tu estilo<\/p>\n<p>Incluye protectores Comfort en codos y hombros, muy ligeros y flexibles, con certificaci\u00f3n CE Nivel 2. Tambi\u00e9n incorpora un bolsillo interior para insertar un protector de espalda opcional \u2014 recomendamos nuestro modelo MR102Y, igualmente certificado CE Nivel 2.<\/p>\n<p>La chaqueta est\u00e1 certificada conforme a la normativa europea EN 17092-4:2020, nivel A<\/p>","protected":false},"excerpt":{"rendered":"<p>Chaqueta de invierno<br \/>\nZonas reflectantes en la parte frontal, trasera y en las mangas<br \/>\nTejido exterior de poli\u00e9ster Ripstop 600D<br \/>\nMembrana MRX-WP 100 % impermeable<br \/>\nForro t\u00e9rmico Thermal Pro desmontable<br \/>\nAjuste trasero regulable en la cintura<br \/>\nAjuste regulable en el cuello<br \/>\nAjuste regulable en los pu\u00f1os<br \/>\nBolsillos externos e internos<br \/>\nSistema de ventilaci\u00f3n en la zona central y en la espalda<br \/>\nProtectores extra\u00edbles en codos y hombros, certificados seg\u00fan EN 1621-1:2012, CE Nivel 2<br \/>\nBolsillo para protector de espalda (no incluido)<br \/>\nProducto certificado conforme a la normativa europea EN 17092-4:2020, nivel A<\/p>","protected":false},"featured_media":32815,"template":"","meta":{"_acf_changed":false},"product_brand":[],"product_cat":[126],"product_tag":[134],"class_list":{"0":"post-33840","1":"product","2":"type-product","3":"status-publish","4":"has-post-thumbnail","6":"product_cat-jackets","7":"product_tag-men","8":"pa_size-s","9":"pa_size-m","10":"pa_size-l","11":"pa_size-xl","12":"pa_size-2xl","13":"pa_size-3xl","15":"first","16":"instock","17":"purchasable","18":"product-type-variable","19":"has-default-attributes"},"acf":[],"_links":{"self":[{"href":"https:\/\/www.moorewear.com\/es\/wp-json\/wp\/v2\/product\/33840","targetHints":{"allow":["GET"]}}],"collection":[{"href":"https:\/\/www.moorewear.com\/es\/wp-json\/wp\/v2\/product"}],"about":[{"href":"https:\/\/www.moorewear.com\/es\/wp-json\/wp\/v2\/types\/product"}],"version-history":[{"count":2,"href":"https:\/\/www.moorewear.com\/es\/wp-json\/wp\/v2\/product\/33840\/revisions"}],"predecessor-version":[{"id":34396,"href":"https:\/\/www.moorewear.com\/es\/wp-json\/wp\/v2\/product\/33840\/revisions\/34396"}],"wp:featuredmedia":[{"embeddable":true,"href":"https:\/\/www.moorewear.com\/es\/wp-json\/wp\/v2\/media\/32815"}],"wp:attachment":[{"href":"https:\/\/www.moorewear.com\/es\/wp-json\/wp\/v2\/media?parent=33840"}],"wp:term":[{"taxonomy":"product_brand","embeddable":true,"href":"https:\/\/www.moorewear.com\/es\/wp-json\/wp\/v2\/product_brand?post=33840"},{"taxonomy":"product_cat","embeddable":true,"href":"https:\/\/www.moorewear.com\/es\/wp-json\/wp\/v2\/product_cat?post=33840"},{"taxonomy":"product_tag","embeddable":true,"href":"https:\/\/www.moorewear.com\/es\/wp-json\/wp\/v2\/product_tag?post=33840"}],"curies":[{"name":"wp","href":"https:\/\/api.w.org\/{rel}","templated":true}]}}