{"id":33859,"date":"2025-12-18T14:10:06","date_gmt":"2025-12-18T17:10:06","guid":{"rendered":"https:\/\/www.moorewear.com\/producto\/jacket-latitude\/"},"modified":"2026-01-14T10:30:05","modified_gmt":"2026-01-14T13:30:05","slug":"jacket-latitude","status":"publish","type":"product","link":"https:\/\/www.moorewear.com\/es\/producto\/jacket-latitude\/","title":{"rendered":"JACKET LATITUDE"},"content":{"rendered":"<p>Un nuevo concepto de chaqueta: la Latitude Crossover est\u00e1 confeccionada en tejido laminado M03 con costuras termoselladas, lo que permite utilizar la capa exterior sin la membrana interior, ofreciendo protecci\u00f3n frente a lluvias ligeras y moderadas. Para precipitaciones m\u00e1s intensas, se recomienda usar la membrana impermeable interna. Es una de las chaquetas m\u00e1s ligeras y c\u00f3modas de nuestra gama gracias a su tejido el\u00e1stico, su estructura bilayer (con forro t\u00e9rmico desmontable y membrana impermeable) y su sistema de ventilaci\u00f3n AVS en la parte frontal y trasera, lo que la hace ideal para su uso durante todo el a\u00f1o.<\/p>\n<p>Dise\u00f1ada para viajes por carretera o desplazamientos urbanos, ofrece el estilo perfecto para tu motocicleta, trail o maxi scooter.<\/p>\n<p>Incluye protectores Comfort en codos y hombros, muy ligeros y flexibles, con certificaci\u00f3n CE Nivel 2. Tambi\u00e9n incorpora un bolsillo interior para insertar un protector de espalda opcional \u2014 recomendamos nuestro modelo MR102Y, igualmente certificado CE Nivel 2.<\/p>\n<p>La chaqueta est\u00e1 certificada conforme a la normativa europea EN 17092-4:2020, nivel A<\/p>","protected":false},"excerpt":{"rendered":"<p>Chaqueta crossover para todo el a\u00f1o<br \/>\nTejido exterior softshell M03 de tres capas<br \/>\nCosturas termoselladas<br \/>\nInserciones reflectantes en la parte frontal y trasera<br \/>\nMembrana Reissa desmontable 100 % impermeable<br \/>\nForro t\u00e9rmico desmontable<br \/>\nMangas ajustables<br \/>\nCintura ajustable<br \/>\nCuello ajustable<br \/>\nPu\u00f1os ajustables<br \/>\nBolsillos externos e internos<br \/>\nSistema de ventilaci\u00f3n m\u00faltiple en pecho, espalda y axilas<br \/>\nCremalleras impermeables<br \/>\nProtectores CE Nivel 2 en hombros y codos, desmontables para mayor seguridad y comodidad<br \/>\nBolsillo interior para protector de espalda (no incluido)<br \/>\nProducto certificado conforme a la normativa europea EN 17092-4:2020, nivel A.<br \/>\nIT<br \/>\nGiacca<\/p>","protected":false},"featured_media":32840,"template":"","meta":{"_acf_changed":false},"product_brand":[],"product_cat":[126],"product_tag":[134],"class_list":{"0":"post-33859","1":"product","2":"type-product","3":"status-publish","4":"has-post-thumbnail","6":"product_cat-jackets","7":"product_tag-men","8":"pa_size-s","9":"pa_size-m","10":"pa_size-l","11":"pa_size-xl","12":"pa_size-2xl","13":"pa_size-3xl","14":"pa_size-4xl","16":"first","17":"instock","18":"purchasable","19":"product-type-variable","20":"has-default-attributes"},"acf":[],"_links":{"self":[{"href":"https:\/\/www.moorewear.com\/es\/wp-json\/wp\/v2\/product\/33859","targetHints":{"allow":["GET"]}}],"collection":[{"href":"https:\/\/www.moorewear.com\/es\/wp-json\/wp\/v2\/product"}],"about":[{"href":"https:\/\/www.moorewear.com\/es\/wp-json\/wp\/v2\/types\/product"}],"version-history":[{"count":3,"href":"https:\/\/www.moorewear.com\/es\/wp-json\/wp\/v2\/product\/33859\/revisions"}],"predecessor-version":[{"id":34824,"href":"https:\/\/www.moorewear.com\/es\/wp-json\/wp\/v2\/product\/33859\/revisions\/34824"}],"wp:featuredmedia":[{"embeddable":true,"href":"https:\/\/www.moorewear.com\/es\/wp-json\/wp\/v2\/media\/32840"}],"wp:attachment":[{"href":"https:\/\/www.moorewear.com\/es\/wp-json\/wp\/v2\/media?parent=33859"}],"wp:term":[{"taxonomy":"product_brand","embeddable":true,"href":"https:\/\/www.moorewear.com\/es\/wp-json\/wp\/v2\/product_brand?post=33859"},{"taxonomy":"product_cat","embeddable":true,"href":"https:\/\/www.moorewear.com\/es\/wp-json\/wp\/v2\/product_cat?post=33859"},{"taxonomy":"product_tag","embeddable":true,"href":"https:\/\/www.moorewear.com\/es\/wp-json\/wp\/v2\/product_tag?post=33859"}],"curies":[{"name":"wp","href":"https:\/\/api.w.org\/{rel}","templated":true}]}}