{"id":33879,"date":"2025-12-18T14:10:32","date_gmt":"2025-12-18T17:10:32","guid":{"rendered":"https:\/\/www.moorewear.com\/producto\/jacket-okami-pro-mr\/"},"modified":"2026-04-30T12:20:48","modified_gmt":"2026-04-30T15:20:48","slug":"jacket-okami-pro-mr","status":"publish","type":"product","link":"https:\/\/www.moorewear.com\/es\/producto\/jacket-okami-pro-mr\/","title":{"rendered":"JACKET OKAMI PRO"},"content":{"rendered":"<p>La chaqueta Okami Pro de tres capas est\u00e1 fabricada en poli\u00e9ster 600D con refuerzos en codos y hombros, y ha sido dise\u00f1ada tanto para uso en carretera como fuera de ella. Su sistema de ventilaci\u00f3n AVS en la parte frontal, trasera y en las mangas, junto con la posibilidad de retirar tanto el forro t\u00e9rmico Pro como la membrana impermeable, la convierten en una chaqueta apta para todas las condiciones clim\u00e1ticas, desde las m\u00e1s fr\u00edas hasta las m\u00e1s c\u00e1lidas. Un aut\u00e9ntico imprescindible para los 12 meses del a\u00f1o, especialmente ideal para motos Trail.<\/p>\n<p>Viene equipada con protecciones Comfort en codos y hombros, ligeras y flexibles, con certificaci\u00f3n CE Nivel 2. Adem\u00e1s, incluye un bolsillo interior para a\u00f1adir un protector de espalda opcional; recomendamos nuestro MR102Y, tambi\u00e9n con certificaci\u00f3n CE Nivel 2<\/p>\n<p>La chaqueta est\u00e1 certificada conforme a la normativa europea prEN 17092-4:2018, nivel A.<\/p>","protected":false},"excerpt":{"rendered":"<p>Chaqueta para todo el a\u00f1o en tres capas<br \/>\nTejido exterior de poli\u00e9ster 600D<br \/>\nInserciones reflectantes en la parte frontal y trasera<br \/>\nCapa MRX-WP 100 % impermeable<br \/>\nForro t\u00e9rmico Thermal Pro desmontable<br \/>\nMangas ajustables<br \/>\nCintura ajustable<br \/>\nCuello ajustable<br \/>\nPu\u00f1os ajustables<br \/>\nBolsillos externos e internos<br \/>\nSistema de ventilaci\u00f3n m\u00faltiple en pecho, mangas y espalda<br \/>\nBolsillo trasero<br \/>\nCremalleras impermeables<br \/>\nProtectores CE Nivel 2 en hombros y codos, desmontables para mayor seguridad y comodidad<br \/>\nBolsillo interior para protector de espalda (no incluido)<br \/>\nProducto certificado seg\u00fan la norma europea prEN 17092-4:2018, nivel A<\/p>","protected":false},"featured_media":32866,"template":"","meta":{"_acf_changed":false},"product_brand":[],"product_cat":[126],"product_tag":[134],"class_list":{"0":"post-33879","1":"product","2":"type-product","3":"status-publish","4":"has-post-thumbnail","6":"product_cat-jackets","7":"product_tag-men","8":"pa_size-s","9":"pa_size-m","10":"pa_size-l","11":"pa_size-xl","12":"pa_size-2xl","13":"pa_size-3xl","15":"first","16":"instock","17":"purchasable","18":"product-type-variable","19":"has-default-attributes"},"acf":[],"_links":{"self":[{"href":"https:\/\/www.moorewear.com\/es\/wp-json\/wp\/v2\/product\/33879","targetHints":{"allow":["GET"]}}],"collection":[{"href":"https:\/\/www.moorewear.com\/es\/wp-json\/wp\/v2\/product"}],"about":[{"href":"https:\/\/www.moorewear.com\/es\/wp-json\/wp\/v2\/types\/product"}],"version-history":[{"count":4,"href":"https:\/\/www.moorewear.com\/es\/wp-json\/wp\/v2\/product\/33879\/revisions"}],"predecessor-version":[{"id":35044,"href":"https:\/\/www.moorewear.com\/es\/wp-json\/wp\/v2\/product\/33879\/revisions\/35044"}],"wp:featuredmedia":[{"embeddable":true,"href":"https:\/\/www.moorewear.com\/es\/wp-json\/wp\/v2\/media\/32866"}],"wp:attachment":[{"href":"https:\/\/www.moorewear.com\/es\/wp-json\/wp\/v2\/media?parent=33879"}],"wp:term":[{"taxonomy":"product_brand","embeddable":true,"href":"https:\/\/www.moorewear.com\/es\/wp-json\/wp\/v2\/product_brand?post=33879"},{"taxonomy":"product_cat","embeddable":true,"href":"https:\/\/www.moorewear.com\/es\/wp-json\/wp\/v2\/product_cat?post=33879"},{"taxonomy":"product_tag","embeddable":true,"href":"https:\/\/www.moorewear.com\/es\/wp-json\/wp\/v2\/product_tag?post=33879"}],"curies":[{"name":"wp","href":"https:\/\/api.w.org\/{rel}","templated":true}]}}