{"id":33898,"date":"2025-12-18T14:10:59","date_gmt":"2025-12-18T17:10:59","guid":{"rendered":"https:\/\/www.moorewear.com\/producto\/jacket-storm-mr\/"},"modified":"2026-04-30T12:22:41","modified_gmt":"2026-04-30T15:22:41","slug":"jacket-storm-mr","status":"publish","type":"product","link":"https:\/\/www.moorewear.com\/es\/producto\/jacket-storm-mr\/","title":{"rendered":"JACKET STORM"},"content":{"rendered":"<p>La chaqueta Storm est\u00e1 fabricada en poli\u00e9ster 600D con refuerzos en los codos y ha sido dise\u00f1ada para tus desplazamientos diarios, tanto en ciudad como en carretera. Su sistema de ventilaci\u00f3n AVS en la parte frontal y trasera, junto con el forro desmontable, permite su uso durante todo el a\u00f1o. A primera vista es una chaqueta de estilo deportivo, pero con un dise\u00f1o urbano que combina perfectamente con cualquier motocicleta o scooter.<\/p>\n<p>Incluye protectores Comfort en codos y hombros, muy ligeros y flexibles, con certificaci\u00f3n CE Nivel 2. Tambi\u00e9n incorpora un bolsillo interior para insertar un protector de espalda opcional \u2014 recomendamos nuestro modelo MR102Y, igualmente certificado CE Nivel 2.<\/p>\n<p>La chaqueta est\u00e1 certificada conforme a la normativa europea EN 17092-4:2020, nivel A<\/p>","protected":false},"excerpt":{"rendered":"<p>Chaqueta para todo el a\u00f1o<br \/>\nTejido exterior de poli\u00e9ster 600D<br \/>\nInserciones reflectantes frontales y traseras<br \/>\nCapa MRX-WP 100 % impermeable<br \/>\nForro t\u00e9rmico desmontable<br \/>\nMangas ajustables<br \/>\nCintura ajustable<br \/>\nCuello ajustable<br \/>\nPu\u00f1os ajustables<br \/>\nBolsillos externos e internos<br \/>\nSistema de ventilaci\u00f3n m\u00faltiple en pecho, mangas y espalda<br \/>\nCremalleras impermeables<br \/>\nProtectores CE Nivel 2 en hombros y codos, desmontables para mayor seguridad y comodidad<br \/>\nBolsillo interior para protector de espalda (no incluido)<br \/>\nProducto certificado seg\u00fan la norma europea prEN 17092-4:2018, nivel A<\/p>","protected":false},"featured_media":32891,"template":"","meta":{"_acf_changed":false},"product_brand":[],"product_cat":[126],"product_tag":[134],"class_list":{"0":"post-33898","1":"product","2":"type-product","3":"status-publish","4":"has-post-thumbnail","6":"product_cat-jackets","7":"product_tag-men","8":"pa_size-s","9":"pa_size-m","10":"pa_size-l","11":"pa_size-xl","12":"pa_size-2xl","13":"pa_size-3xl","14":"pa_size-4xl","16":"first","17":"instock","18":"purchasable","19":"product-type-variable","20":"has-default-attributes"},"acf":[],"_links":{"self":[{"href":"https:\/\/www.moorewear.com\/es\/wp-json\/wp\/v2\/product\/33898","targetHints":{"allow":["GET"]}}],"collection":[{"href":"https:\/\/www.moorewear.com\/es\/wp-json\/wp\/v2\/product"}],"about":[{"href":"https:\/\/www.moorewear.com\/es\/wp-json\/wp\/v2\/types\/product"}],"version-history":[{"count":5,"href":"https:\/\/www.moorewear.com\/es\/wp-json\/wp\/v2\/product\/33898\/revisions"}],"predecessor-version":[{"id":35047,"href":"https:\/\/www.moorewear.com\/es\/wp-json\/wp\/v2\/product\/33898\/revisions\/35047"}],"wp:featuredmedia":[{"embeddable":true,"href":"https:\/\/www.moorewear.com\/es\/wp-json\/wp\/v2\/media\/32891"}],"wp:attachment":[{"href":"https:\/\/www.moorewear.com\/es\/wp-json\/wp\/v2\/media?parent=33898"}],"wp:term":[{"taxonomy":"product_brand","embeddable":true,"href":"https:\/\/www.moorewear.com\/es\/wp-json\/wp\/v2\/product_brand?post=33898"},{"taxonomy":"product_cat","embeddable":true,"href":"https:\/\/www.moorewear.com\/es\/wp-json\/wp\/v2\/product_cat?post=33898"},{"taxonomy":"product_tag","embeddable":true,"href":"https:\/\/www.moorewear.com\/es\/wp-json\/wp\/v2\/product_tag?post=33898"}],"curies":[{"name":"wp","href":"https:\/\/api.w.org\/{rel}","templated":true}]}}