{"id":33913,"date":"2025-12-18T14:11:30","date_gmt":"2025-12-18T17:11:30","guid":{"rendered":"https:\/\/www.moorewear.com\/producto\/jacket-air-mr\/"},"modified":"2026-04-30T12:25:34","modified_gmt":"2026-04-30T15:25:34","slug":"jacket-air-mr","status":"publish","type":"product","link":"https:\/\/www.moorewear.com\/es\/producto\/jacket-air-mr\/","title":{"rendered":"JACKET AIR"},"content":{"rendered":"<p>La chaqueta Air est\u00e1 confeccionada en poli\u00e9ster 600D y dise\u00f1ada para el uso urbano, sin dejar de ser perfecta para carretera. Est\u00e1 especialmente pensada para condiciones c\u00e1lidas y muy calurosas, ideal tanto para ciudad como para trayectos largos. Gracias a su membrana impermeable y cortaviento desmontable, tambi\u00e9n puede utilizarse en d\u00edas de lluvia o cuando la temperatura desciende ligeramente.<br \/>\nDisponible en varios colores para que puedas elegir el que mejor se adapte a tu estilo.<\/p>\n<p>Incluye protectores Comfort en codos y hombros, muy ligeros y flexibles, con certificaci\u00f3n CE Nivel 2. Tambi\u00e9n incorpora un bolsillo interior para insertar un protector de espalda opcional \u2014 recomendamos nuestro modelo MR102Y, igualmente certificado CE Nivel 2.<\/p>\n<p>La chaqueta est\u00e1 certificada conforme a la normativa europea prEN 17092-4:2018, nivel A.<\/p>","protected":false},"excerpt":{"rendered":"<p>Tejido microperforado<br \/>\nTejido exterior de poli\u00e9ster 600D<br \/>\nForro impermeable desmontable MRX-WP con funci\u00f3n cortaviento<br \/>\nBolsillos externos e internos<br \/>\nCuello ajustable<br \/>\nMangas ajustables<br \/>\nPu\u00f1os regulables con cierre de velcro<br \/>\nCintura ajustable con velcro<br \/>\nInserciones reflectantes frontales y traseras<br \/>\nProtectores CE Nivel 2 en hombros y codos, desmontables para mayor seguridad y comodidad<br \/>\nBolsillo interior para protector de espalda (no incluido)<br \/>\nProducto certificado conforme a la normativa europea EN 17092-4:2020, nivel A.<\/p>","protected":false},"featured_media":32910,"template":"","meta":{"_acf_changed":false},"product_brand":[],"product_cat":[126],"product_tag":[134],"class_list":{"0":"post-33913","1":"product","2":"type-product","3":"status-publish","4":"has-post-thumbnail","6":"product_cat-jackets","7":"product_tag-men","8":"pa_size-s","9":"pa_size-m","10":"pa_size-l","11":"pa_size-xl","12":"pa_size-2xl","13":"pa_size-3xl","14":"pa_size-4xl","16":"first","17":"instock","18":"purchasable","19":"product-type-variable","20":"has-default-attributes"},"acf":[],"_links":{"self":[{"href":"https:\/\/www.moorewear.com\/es\/wp-json\/wp\/v2\/product\/33913","targetHints":{"allow":["GET"]}}],"collection":[{"href":"https:\/\/www.moorewear.com\/es\/wp-json\/wp\/v2\/product"}],"about":[{"href":"https:\/\/www.moorewear.com\/es\/wp-json\/wp\/v2\/types\/product"}],"version-history":[{"count":7,"href":"https:\/\/www.moorewear.com\/es\/wp-json\/wp\/v2\/product\/33913\/revisions"}],"predecessor-version":[{"id":35053,"href":"https:\/\/www.moorewear.com\/es\/wp-json\/wp\/v2\/product\/33913\/revisions\/35053"}],"wp:featuredmedia":[{"embeddable":true,"href":"https:\/\/www.moorewear.com\/es\/wp-json\/wp\/v2\/media\/32910"}],"wp:attachment":[{"href":"https:\/\/www.moorewear.com\/es\/wp-json\/wp\/v2\/media?parent=33913"}],"wp:term":[{"taxonomy":"product_brand","embeddable":true,"href":"https:\/\/www.moorewear.com\/es\/wp-json\/wp\/v2\/product_brand?post=33913"},{"taxonomy":"product_cat","embeddable":true,"href":"https:\/\/www.moorewear.com\/es\/wp-json\/wp\/v2\/product_cat?post=33913"},{"taxonomy":"product_tag","embeddable":true,"href":"https:\/\/www.moorewear.com\/es\/wp-json\/wp\/v2\/product_tag?post=33913"}],"curies":[{"name":"wp","href":"https:\/\/api.w.org\/{rel}","templated":true}]}}