{"id":33942,"date":"2025-12-18T14:12:00","date_gmt":"2025-12-18T17:12:00","guid":{"rendered":"https:\/\/www.moorewear.com\/producto\/jacket-vento-2-mr\/"},"modified":"2026-01-02T15:38:35","modified_gmt":"2026-01-02T18:38:35","slug":"jacket-vento-2-mr","status":"publish","type":"product","link":"https:\/\/www.moorewear.com\/es\/producto\/jacket-vento-2-mr\/","title":{"rendered":"JACKET VENTO"},"content":{"rendered":"<p>La chaqueta Vento 2 est\u00e1 fabricada en poli\u00e9ster 600D y tejido mesh, y ha sido dise\u00f1ada para climas c\u00e1lidos y muy calurosos. Su corte de estilo urbano la hace ideal tanto para desplazamientos en ciudad como para la conducci\u00f3n en carretera. Gracias a su membrana impermeable y cortaviento desmontable, tambi\u00e9n puede utilizarse en d\u00edas de lluvia o con temperaturas m\u00e1s frescas.<\/p>\n<p>Incluye protectores Comfort en codos y hombros, muy ligeros y flexibles, con certificaci\u00f3n CE Nivel 2. Tambi\u00e9n incorpora un bolsillo interior para insertar un protector de espalda opcional \u2014 recomendamos nuestro modelo MR102Y, igualmente certificado CE Nivel 2.<\/p>\n<p>La chaqueta est\u00e1 certificada conforme a la normativa europea EN 17092-4:2020, nivel A<\/p>","protected":false},"excerpt":{"rendered":"<p>Tejido microperforado<br \/>\nTejido exterior de poli\u00e9ster 600D<br \/>\nForro impermeable desmontable MRX-WP con funci\u00f3n cortaviento<br \/>\nBolsillos externos e internos<br \/>\nCuello ajustable<br \/>\nMangas ajustables<br \/>\nPu\u00f1os regulables con cierre de velcro<br \/>\nCintura ajustable con velcro<br \/>\nInserci\u00f3n reflectante en el cuello<br \/>\nProtectores extra\u00edbles en codos y hombros, certificados seg\u00fan EN 1621-1:2012, CE Nivel 2<br \/>\nBolsillo interior para protector de espalda (no incluido)<br \/>\nProducto certificado conforme a la normativa europea EN 17092-4:2020, nivel A.<\/p>","protected":false},"featured_media":32947,"template":"","meta":{"_acf_changed":false},"product_brand":[],"product_cat":[126],"product_tag":[134],"class_list":{"0":"post-33942","1":"product","2":"type-product","3":"status-publish","4":"has-post-thumbnail","6":"product_cat-jackets","7":"product_tag-men","8":"pa_size-s","9":"pa_size-m","10":"pa_size-l","11":"pa_size-xl","12":"pa_size-2xl","13":"pa_size-3xl","14":"pa_size-4xl","16":"first","17":"instock","18":"purchasable","19":"product-type-variable","20":"has-default-attributes"},"acf":[],"_links":{"self":[{"href":"https:\/\/www.moorewear.com\/es\/wp-json\/wp\/v2\/product\/33942","targetHints":{"allow":["GET"]}}],"collection":[{"href":"https:\/\/www.moorewear.com\/es\/wp-json\/wp\/v2\/product"}],"about":[{"href":"https:\/\/www.moorewear.com\/es\/wp-json\/wp\/v2\/types\/product"}],"version-history":[{"count":4,"href":"https:\/\/www.moorewear.com\/es\/wp-json\/wp\/v2\/product\/33942\/revisions"}],"predecessor-version":[{"id":34685,"href":"https:\/\/www.moorewear.com\/es\/wp-json\/wp\/v2\/product\/33942\/revisions\/34685"}],"wp:featuredmedia":[{"embeddable":true,"href":"https:\/\/www.moorewear.com\/es\/wp-json\/wp\/v2\/media\/32947"}],"wp:attachment":[{"href":"https:\/\/www.moorewear.com\/es\/wp-json\/wp\/v2\/media?parent=33942"}],"wp:term":[{"taxonomy":"product_brand","embeddable":true,"href":"https:\/\/www.moorewear.com\/es\/wp-json\/wp\/v2\/product_brand?post=33942"},{"taxonomy":"product_cat","embeddable":true,"href":"https:\/\/www.moorewear.com\/es\/wp-json\/wp\/v2\/product_cat?post=33942"},{"taxonomy":"product_tag","embeddable":true,"href":"https:\/\/www.moorewear.com\/es\/wp-json\/wp\/v2\/product_tag?post=33942"}],"curies":[{"name":"wp","href":"https:\/\/api.w.org\/{rel}","templated":true}]}}