{"id":33956,"date":"2025-12-18T14:12:25","date_gmt":"2025-12-18T17:12:25","guid":{"rendered":"https:\/\/www.moorewear.com\/producto\/jacket-iris-lady-mr\/"},"modified":"2026-01-02T15:47:33","modified_gmt":"2026-01-02T18:47:33","slug":"jacket-iris-lady-mr","status":"publish","type":"product","link":"https:\/\/www.moorewear.com\/es\/producto\/jacket-iris-lady-mr\/","title":{"rendered":"JACKET IRIS LADY"},"content":{"rendered":"<p>La chaqueta Iris Lady est\u00e1 confeccionada en poli\u00e9ster 600D y fue dise\u00f1ada para el uso urbano, sin dejar de lado su aptitud para la conducci\u00f3n en ruta.\nGracias a su forro t\u00e9rmico Thermal Pro desmontable, resulta c\u00f3moda de usar tambi\u00e9n en temperaturas m\u00e1s c\u00e1lidas.<\/p>\n<p>Las cremalleras laterales con doble cursor permiten ajustar el ancho de forma independiente en el pecho o en la cadera, ofreciendo un calce m\u00e1s c\u00f3modo y personalizado.<\/p>\n<p>Incluye protectores Comfort en codos y hombros, muy ligeros y flexibles, con certificaci\u00f3n CE Nivel 2. Tambi\u00e9n incorpora un bolsillo interior para insertar un protector de espalda opcional \u2014 recomendamos nuestro modelo MR102Y, igualmente certificado CE Nivel 2.<\/p>\n<p>La chaqueta est\u00e1 certificada conforme a la normativa europea EN 17092-4:2020, nivel A<\/p>","protected":false},"excerpt":{"rendered":"<p>Chaqueta para mujer<br \/>\nTejido exterior de poli\u00e9ster 600D<br \/>\nInserciones reflectivas en la parte trasera<br \/>\nCapa MRX-WP 100 % impermeable<br \/>\nForro t\u00e9rmico Thermal Pro desmontable<br \/>\nCremallera lateral con doble cursor para ajuste independiente en pecho y cadera<br \/>\nMangas ajustables<br \/>\nCintura ajustable<br \/>\nCuello ajustable<br \/>\nPu\u00f1os ajustables<br \/>\nBolsillos externos e internos<br \/>\nProtectores CE Nivel 2 en hombros y codos, desmontables para mayor seguridad y comodidad<br \/>\nBolsillo interior para protector de espalda (no incluido)<br \/>\nProducto certificado seg\u00fan la norma europea prEN 17092-4:2018, nivel A<\/p>","protected":false},"featured_media":32965,"template":"","meta":{"_acf_changed":false},"product_brand":[],"product_cat":[126],"product_tag":[133],"class_list":{"0":"post-33956","1":"product","2":"type-product","3":"status-publish","4":"has-post-thumbnail","6":"product_cat-jackets","7":"product_tag-women","8":"pa_size-s","9":"pa_size-m","10":"pa_size-l","11":"pa_size-xl","12":"pa_size-xs","14":"first","15":"instock","16":"purchasable","17":"product-type-variable","18":"has-default-attributes"},"acf":[],"_links":{"self":[{"href":"https:\/\/www.moorewear.com\/es\/wp-json\/wp\/v2\/product\/33956","targetHints":{"allow":["GET"]}}],"collection":[{"href":"https:\/\/www.moorewear.com\/es\/wp-json\/wp\/v2\/product"}],"about":[{"href":"https:\/\/www.moorewear.com\/es\/wp-json\/wp\/v2\/types\/product"}],"version-history":[{"count":4,"href":"https:\/\/www.moorewear.com\/es\/wp-json\/wp\/v2\/product\/33956\/revisions"}],"predecessor-version":[{"id":34429,"href":"https:\/\/www.moorewear.com\/es\/wp-json\/wp\/v2\/product\/33956\/revisions\/34429"}],"wp:featuredmedia":[{"embeddable":true,"href":"https:\/\/www.moorewear.com\/es\/wp-json\/wp\/v2\/media\/32965"}],"wp:attachment":[{"href":"https:\/\/www.moorewear.com\/es\/wp-json\/wp\/v2\/media?parent=33956"}],"wp:term":[{"taxonomy":"product_brand","embeddable":true,"href":"https:\/\/www.moorewear.com\/es\/wp-json\/wp\/v2\/product_brand?post=33956"},{"taxonomy":"product_cat","embeddable":true,"href":"https:\/\/www.moorewear.com\/es\/wp-json\/wp\/v2\/product_cat?post=33956"},{"taxonomy":"product_tag","embeddable":true,"href":"https:\/\/www.moorewear.com\/es\/wp-json\/wp\/v2\/product_tag?post=33956"}],"curies":[{"name":"wp","href":"https:\/\/api.w.org\/{rel}","templated":true}]}}