{"id":33980,"date":"2025-12-18T14:12:53","date_gmt":"2025-12-18T17:12:53","guid":{"rendered":"https:\/\/www.moorewear.com\/producto\/jacket-bahia-lady\/"},"modified":"2026-01-14T09:57:31","modified_gmt":"2026-01-14T12:57:31","slug":"jacket-bahia-lady","status":"publish","type":"product","link":"https:\/\/www.moorewear.com\/es\/producto\/jacket-bahia-lady\/","title":{"rendered":"JACKET BAHIA LADY"},"content":{"rendered":"<p>La chaqueta Bah\u00eda est\u00e1 confeccionada en poli\u00e9ster 600D y tejido mesh, con un corte exclusivo para mujer, y est\u00e1 dise\u00f1ada para climas c\u00e1lidos y muy calurosos, ideal tanto para uso urbano como para viajes en ruta.\nGracias a su membrana impermeable y cortaviento desmontable, tambi\u00e9n puede utilizarse en d\u00edas de lluvia o con temperaturas m\u00e1s frescas.<br \/>\nDisponible en varios colores, para que puedas elegir el que mejor se adapte a tu estilo.<\/p>\n<p>Incluye protectores Comfort en codos y hombros, muy ligeros y flexibles, con certificaci\u00f3n CE Nivel 2. Tambi\u00e9n incorpora un bolsillo interior para insertar un protector de espalda opcional \u2014 recomendamos nuestro modelo MR102Y, igualmente certificado CE Nivel 2.<\/p>\n<p>La chaqueta est\u00e1 certificada conforme a la normativa europea EN 17092-4:2020, nivel A<\/p>","protected":false},"excerpt":{"rendered":"<p>Chaqueta de tejido microperforado<br \/>\nTejido exterior de poli\u00e9ster 600D<br \/>\nForro impermeable desmontable MRX-WP con funci\u00f3n cortaviento<br \/>\nBolsillos externos e internos<br \/>\nCuello ajustable<br \/>\nMangas ajustables<br \/>\nPu\u00f1os regulables con cierre de velcro<br \/>\nCintura ajustable con velcro<br \/>\nInserciones reflectivas en la parte frontal y trasera<br \/>\nProtectores CE Nivel 2 en hombros y codos, desmontables para mayor seguridad y comodidad<br \/>\nBolsillo interior para protector de espalda (no incluido)<br \/>\nProducto certificado conforme a la normativa europea EN 17092-4:2020, nivel A.<\/p>","protected":false},"featured_media":32997,"template":"","meta":{"_acf_changed":false},"product_brand":[],"product_cat":[126],"product_tag":[133],"class_list":{"0":"post-33980","1":"product","2":"type-product","3":"status-publish","4":"has-post-thumbnail","6":"product_cat-jackets","7":"product_tag-women","8":"pa_size-s","9":"pa_size-m","10":"pa_size-l","11":"pa_size-xl","12":"pa_size-xs","14":"first","15":"instock","16":"purchasable","17":"product-type-variable","18":"has-default-attributes"},"acf":[],"_links":{"self":[{"href":"https:\/\/www.moorewear.com\/es\/wp-json\/wp\/v2\/product\/33980","targetHints":{"allow":["GET"]}}],"collection":[{"href":"https:\/\/www.moorewear.com\/es\/wp-json\/wp\/v2\/product"}],"about":[{"href":"https:\/\/www.moorewear.com\/es\/wp-json\/wp\/v2\/types\/product"}],"version-history":[{"count":4,"href":"https:\/\/www.moorewear.com\/es\/wp-json\/wp\/v2\/product\/33980\/revisions"}],"predecessor-version":[{"id":34821,"href":"https:\/\/www.moorewear.com\/es\/wp-json\/wp\/v2\/product\/33980\/revisions\/34821"}],"wp:featuredmedia":[{"embeddable":true,"href":"https:\/\/www.moorewear.com\/es\/wp-json\/wp\/v2\/media\/32997"}],"wp:attachment":[{"href":"https:\/\/www.moorewear.com\/es\/wp-json\/wp\/v2\/media?parent=33980"}],"wp:term":[{"taxonomy":"product_brand","embeddable":true,"href":"https:\/\/www.moorewear.com\/es\/wp-json\/wp\/v2\/product_brand?post=33980"},{"taxonomy":"product_cat","embeddable":true,"href":"https:\/\/www.moorewear.com\/es\/wp-json\/wp\/v2\/product_cat?post=33980"},{"taxonomy":"product_tag","embeddable":true,"href":"https:\/\/www.moorewear.com\/es\/wp-json\/wp\/v2\/product_tag?post=33980"}],"curies":[{"name":"wp","href":"https:\/\/api.w.org\/{rel}","templated":true}]}}