{"id":33997,"date":"2025-12-18T14:13:34","date_gmt":"2025-12-18T17:13:34","guid":{"rendered":"https:\/\/www.moorewear.com\/producto\/pant-quattro-2\/"},"modified":"2026-01-14T10:57:33","modified_gmt":"2026-01-14T13:57:33","slug":"pant-quattro-2","status":"publish","type":"product","link":"https:\/\/www.moorewear.com\/es\/producto\/pant-quattro-2\/","title":{"rendered":"QUATTRO 2"},"content":{"rendered":"<p>Los pantalones Quattro est\u00e1n confeccionados en algod\u00f3n y elastano, con un c\u00f3modo corte slim y rodillas precurvadas para una mejor ergonom\u00eda.<br \/>\nSon pantalones para todo el a\u00f1o, ideales para el uso diario, tanto para desplazarte en moto como para quedar con amigos.<\/p>\n<p>Incorporan refuerzos de fibra DuPont\u2122 Kevlar\u00ae en las rodillas, laterales y zona del asiento, e incluyen un forro interior de malla antibacteriana.<br \/>\nEl complemento perfecto para cualquier chaqueta Moore.<\/p>\n<p>Equipados con protectores de rodilla Comfort Pro, muy ligeros y flexibles, con certificaci\u00f3n CE Nivel 2. Los protectores son regulables en altura e incorporan un bolsillo interior para protecci\u00f3n de cadera opcional.<\/p>\n<p>Certificados seg\u00fan la norma europea EN 17092-3:2020 (nivel AA).<\/p>","protected":false},"excerpt":{"rendered":"<p>Tejido denim de algod\u00f3n y elastano de 12 oz<br \/>\nRefuerzos de aramida en rodillas, caderas y espalda para mayor protecci\u00f3n<br \/>\nForro de malla antibacteriana 100 % en poli\u00e9ster para mayor higiene y confort<br \/>\n5 bolsillos exteriores<br \/>\nTejido con tratamiento hidrorrepelente<br \/>\nProtectores de rodilla extra\u00edbles y regulables en altura, con certificaci\u00f3n CE (EN 1621-1:2012 Nivel 2).<br \/>\nBolsillos internos preparados para protecci\u00f3n de cadera (no incluida).<br \/>\nProducto certificado conforme a la norma europea EN 17092-3:2020 (nivel AA).<\/p>","protected":false},"featured_media":33020,"template":"","meta":{"_acf_changed":false},"product_brand":[],"product_cat":[127],"product_tag":[134],"class_list":{"0":"post-33997","1":"product","2":"type-product","3":"status-publish","4":"has-post-thumbnail","6":"product_cat-pants","7":"product_tag-men","8":"pa_size-98","9":"pa_size-99","10":"pa_size-100","11":"pa_size-102","12":"pa_size-103","13":"pa_size-104","15":"first","16":"instock","17":"purchasable","18":"product-type-variable","19":"has-default-attributes"},"acf":[],"_links":{"self":[{"href":"https:\/\/www.moorewear.com\/es\/wp-json\/wp\/v2\/product\/33997","targetHints":{"allow":["GET"]}}],"collection":[{"href":"https:\/\/www.moorewear.com\/es\/wp-json\/wp\/v2\/product"}],"about":[{"href":"https:\/\/www.moorewear.com\/es\/wp-json\/wp\/v2\/types\/product"}],"version-history":[{"count":3,"href":"https:\/\/www.moorewear.com\/es\/wp-json\/wp\/v2\/product\/33997\/revisions"}],"predecessor-version":[{"id":34792,"href":"https:\/\/www.moorewear.com\/es\/wp-json\/wp\/v2\/product\/33997\/revisions\/34792"}],"wp:featuredmedia":[{"embeddable":true,"href":"https:\/\/www.moorewear.com\/es\/wp-json\/wp\/v2\/media\/33020"}],"wp:attachment":[{"href":"https:\/\/www.moorewear.com\/es\/wp-json\/wp\/v2\/media?parent=33997"}],"wp:term":[{"taxonomy":"product_brand","embeddable":true,"href":"https:\/\/www.moorewear.com\/es\/wp-json\/wp\/v2\/product_brand?post=33997"},{"taxonomy":"product_cat","embeddable":true,"href":"https:\/\/www.moorewear.com\/es\/wp-json\/wp\/v2\/product_cat?post=33997"},{"taxonomy":"product_tag","embeddable":true,"href":"https:\/\/www.moorewear.com\/es\/wp-json\/wp\/v2\/product_tag?post=33997"}],"curies":[{"name":"wp","href":"https:\/\/api.w.org\/{rel}","templated":true}]}}