{"id":34010,"date":"2025-12-18T14:13:34","date_gmt":"2025-12-18T17:13:34","guid":{"rendered":"https:\/\/www.moorewear.com\/producto\/five-2-jeans\/"},"modified":"2026-01-02T15:57:23","modified_gmt":"2026-01-02T18:57:23","slug":"five-2-jeans","status":"publish","type":"product","link":"https:\/\/www.moorewear.com\/es\/producto\/five-2-jeans\/","title":{"rendered":"FIVE 2 JEANS"},"content":{"rendered":"<p>Los pantalones Five est\u00e1n confeccionados en algod\u00f3n y elastano, con un c\u00f3modo corte slim.<br \/>\nSon pantalones para todo el a\u00f1o, ideales para el uso diario, tanto para desplazarte en moto como para quedar con amigos. Su dise\u00f1o discreto hace que apenas se note que incorporan protecciones.<\/p>\n<p>Incorporan refuerzos de fibra DuPont\u2122 Kevlar\u00ae en las rodillas, laterales y zona del asiento, adem\u00e1s de un forro interior de malla antibacteriana.<br \/>\nEl complemento perfecto para cualquier chaqueta Moore.<\/p>\n<p>Equipados con protectores de rodilla Comfort Pro, muy ligeros y flexibles, con certificaci\u00f3n CE Nivel 2. Los protectores son regulables en altura y cuentan con un bolsillo interior para insertar protectores de cadera opcionales.<\/p>\n<p>Certificados seg\u00fan la norma europea EN 17092-3:2020 (nivel AA).<\/p>","protected":false},"excerpt":{"rendered":"<p>Denim de algod\u00f3n con elastano de 12 oz<br \/>\nRefuerzos de aramida en rodillas, caderas y espalda para mayor protecci\u00f3n<br \/>\nForro de malla antibacteriana 100 % en poli\u00e9ster para mayor higiene y confort<br \/>\n5 bolsillos exteriores<br \/>\nTejido con tratamiento hidrorrepelente<br \/>\nProtectores de rodilla extra\u00edbles y regulables en altura, con certificaci\u00f3n CE (EN 1621-1:2012 Nivel 2).<br \/>\nBolsillos internos preparados para protecci\u00f3n de cadera (no incluida).<br \/>\nProducto certificado conforme a la norma europea EN 17092-3:2020 (nivel AA).<\/p>","protected":false},"featured_media":33035,"template":"","meta":{"_acf_changed":false},"product_brand":[],"product_cat":[127],"product_tag":[134],"class_list":{"0":"post-34010","1":"product","2":"type-product","3":"status-publish","4":"has-post-thumbnail","6":"product_cat-pants","7":"product_tag-men","8":"pa_size-98","9":"pa_size-99","10":"pa_size-100","11":"pa_size-102","12":"pa_size-103","13":"pa_size-104","15":"first","16":"instock","17":"purchasable","18":"product-type-variable","19":"has-default-attributes"},"acf":[],"_links":{"self":[{"href":"https:\/\/www.moorewear.com\/es\/wp-json\/wp\/v2\/product\/34010","targetHints":{"allow":["GET"]}}],"collection":[{"href":"https:\/\/www.moorewear.com\/es\/wp-json\/wp\/v2\/product"}],"about":[{"href":"https:\/\/www.moorewear.com\/es\/wp-json\/wp\/v2\/types\/product"}],"version-history":[{"count":2,"href":"https:\/\/www.moorewear.com\/es\/wp-json\/wp\/v2\/product\/34010\/revisions"}],"predecessor-version":[{"id":34437,"href":"https:\/\/www.moorewear.com\/es\/wp-json\/wp\/v2\/product\/34010\/revisions\/34437"}],"wp:featuredmedia":[{"embeddable":true,"href":"https:\/\/www.moorewear.com\/es\/wp-json\/wp\/v2\/media\/33035"}],"wp:attachment":[{"href":"https:\/\/www.moorewear.com\/es\/wp-json\/wp\/v2\/media?parent=34010"}],"wp:term":[{"taxonomy":"product_brand","embeddable":true,"href":"https:\/\/www.moorewear.com\/es\/wp-json\/wp\/v2\/product_brand?post=34010"},{"taxonomy":"product_cat","embeddable":true,"href":"https:\/\/www.moorewear.com\/es\/wp-json\/wp\/v2\/product_cat?post=34010"},{"taxonomy":"product_tag","embeddable":true,"href":"https:\/\/www.moorewear.com\/es\/wp-json\/wp\/v2\/product_tag?post=34010"}],"curies":[{"name":"wp","href":"https:\/\/api.w.org\/{rel}","templated":true}]}}