{"id":34036,"date":"2025-12-18T14:14:43","date_gmt":"2025-12-18T17:14:43","guid":{"rendered":"https:\/\/www.moorewear.com\/producto\/pant-speed-lady\/"},"modified":"2026-01-05T09:01:59","modified_gmt":"2026-01-05T12:01:59","slug":"pant-speed-lady","status":"publish","type":"product","link":"https:\/\/www.moorewear.com\/es\/producto\/pant-speed-lady\/","title":{"rendered":"SPEED JEANS LADY"},"content":{"rendered":"<p>Los pantalones Speed est\u00e1n confeccionados en algod\u00f3n reforzado y elastano, con un c\u00f3modo corte slim.<br \/>\nSon pantalones para todo el a\u00f1o, ideales para el uso diario y los desplazamientos en moto. Su dise\u00f1o discreto hace que nadie note que incorporan protecciones, manteni\u00e9ndose ligeros y altamente transpirables.<\/p>\n<p>El complemento perfecto para cualquier chaqueta Moore.<\/p>\n<p>Equipados con protectores de rodilla Comfort Pro, muy ligeros y flexibles, con certificaci\u00f3n CE Nivel 2. Los protectores son regulables en altura e incorporan un bolsillo interior para protecci\u00f3n de cadera opcional.<\/p>\n<p>Los pantalones est\u00e1n certificados conforme a la normativa europea EN 17092-4:2020, nivel A.<\/p>","protected":false},"excerpt":{"rendered":"<p>Tejido de algod\u00f3n reforzado tipo denim de 12 oz con elastano<br \/>\n5 bolsillos exteriores<br \/>\nProtectores de rodilla extra\u00edbles y regulables en altura, con certificaci\u00f3n CE (EN 1621-1:2012 Nivel 2).<br \/>\nBolsillos internos preparados para protecci\u00f3n de cadera (no incluida).<br \/>\nProducto certificado conforme a la normativa europea EN 17092-4:2020, nivel A.<\/p>","protected":false},"featured_media":33067,"template":"","meta":{"_acf_changed":false},"product_brand":[],"product_cat":[127],"product_tag":[133],"class_list":{"0":"post-34036","1":"product","2":"type-product","3":"status-publish","4":"has-post-thumbnail","6":"product_cat-pants","7":"product_tag-women","8":"pa_size-95","9":"pa_size-97","10":"pa_size-98","11":"pa_size-99","12":"pa_size-100","14":"first","15":"instock","16":"purchasable","17":"product-type-variable","18":"has-default-attributes"},"acf":[],"_links":{"self":[{"href":"https:\/\/www.moorewear.com\/es\/wp-json\/wp\/v2\/product\/34036","targetHints":{"allow":["GET"]}}],"collection":[{"href":"https:\/\/www.moorewear.com\/es\/wp-json\/wp\/v2\/product"}],"about":[{"href":"https:\/\/www.moorewear.com\/es\/wp-json\/wp\/v2\/types\/product"}],"version-history":[{"count":2,"href":"https:\/\/www.moorewear.com\/es\/wp-json\/wp\/v2\/product\/34036\/revisions"}],"predecessor-version":[{"id":34452,"href":"https:\/\/www.moorewear.com\/es\/wp-json\/wp\/v2\/product\/34036\/revisions\/34452"}],"wp:featuredmedia":[{"embeddable":true,"href":"https:\/\/www.moorewear.com\/es\/wp-json\/wp\/v2\/media\/33067"}],"wp:attachment":[{"href":"https:\/\/www.moorewear.com\/es\/wp-json\/wp\/v2\/media?parent=34036"}],"wp:term":[{"taxonomy":"product_brand","embeddable":true,"href":"https:\/\/www.moorewear.com\/es\/wp-json\/wp\/v2\/product_brand?post=34036"},{"taxonomy":"product_cat","embeddable":true,"href":"https:\/\/www.moorewear.com\/es\/wp-json\/wp\/v2\/product_cat?post=34036"},{"taxonomy":"product_tag","embeddable":true,"href":"https:\/\/www.moorewear.com\/es\/wp-json\/wp\/v2\/product_tag?post=34036"}],"curies":[{"name":"wp","href":"https:\/\/api.w.org\/{rel}","templated":true}]}}