{"id":34042,"date":"2025-12-18T14:14:43","date_gmt":"2025-12-18T17:14:43","guid":{"rendered":"https:\/\/www.moorewear.com\/producto\/pant-bullet-2\/"},"modified":"2026-01-14T10:49:30","modified_gmt":"2026-01-14T13:49:30","slug":"pant-bullet-2","status":"publish","type":"product","link":"https:\/\/www.moorewear.com\/es\/producto\/pant-bullet-2\/","title":{"rendered":"BULLET 2"},"content":{"rendered":"<p>Los pantalones Bullet combinan algod\u00f3n y Dyneema\u00ae para mayor resistencia y ligereza.<br \/>\nLos pantalones fabricados con Dyneema\u00ae ofrecen el equilibrio perfecto entre comodidad, protecci\u00f3n y estilo, ya que est\u00e1n confeccionados en un tejido de una sola capa \u2014tan c\u00f3modos como unos vaqueros normales\u2014 sin capas interiores de refuerzo, lo que los hace m\u00e1s ligeros, frescos y transpirables.<\/p>\n<p>La fibra ultraligera Dyneema\u00ae es 15 veces m\u00e1s resistente que el acero y hasta un 40 % m\u00e1s fuerte que la fibra de aramida. Sus propiedades mejoran todos los aspectos del denim cl\u00e1sico: durabilidad, protecci\u00f3n y comodidad.<br \/>\nEl color puede perder intensidad con el tiempo, sin afectar el rendimiento. Flexible y suave al tacto.<\/p>\n<p>Con un corte slim muy c\u00f3modo, son pantalones para todo el a\u00f1o, ideales para el uso diario, desplazamientos en moto y salidas informales con amigos.<br \/>\nEl complemento perfecto para cualquier chaqueta Moore.<\/p>\n<p>Equipados con protectores de rodilla Comfort Pro, muy ligeros, flexibles y certificados CE Nivel 2. Los protectores son regulables en altura y extra\u00edbles mediante cremallera lateral. Adem\u00e1s, incorporan un bolsillo interior para protectores de cadera opcionales.<\/p>\n<p>Certificados seg\u00fan la norma europea EN 17092-3:2020 (nivel AA).<\/p>","protected":false},"excerpt":{"rendered":"<p>Denim de algod\u00f3n de 12 oz con Dyneema\u00ae, ligero y muy transpirable, con dise\u00f1o monocapa sin refuerzos de aramida.<br \/>\n5 bolsillos exteriores<br \/>\nTejido con tratamiento hidrorrepelente<br \/>\nProtectores de rodilla extra\u00edbles y regulables en altura, desmontables mediante cremallera exterior, con certificaci\u00f3n CE (EN 1621-1:2012 Nivel 2)<br \/>\nBolsillo preparado para protector de cadera (no incluido).<br \/>\nProducto certificado conforme a la norma europea EN 17092-3:2020 (nivel AA).<\/p>","protected":false},"featured_media":33075,"template":"","meta":{"_acf_changed":false},"product_brand":[],"product_cat":[127],"product_tag":[134],"class_list":{"0":"post-34042","1":"product","2":"type-product","3":"status-publish","4":"has-post-thumbnail","6":"product_cat-pants","7":"product_tag-men","8":"pa_size-98","9":"pa_size-99","10":"pa_size-100","11":"pa_size-102","12":"pa_size-103","13":"pa_size-104","15":"first","16":"instock","17":"purchasable","18":"product-type-variable","19":"has-default-attributes"},"acf":[],"_links":{"self":[{"href":"https:\/\/www.moorewear.com\/es\/wp-json\/wp\/v2\/product\/34042","targetHints":{"allow":["GET"]}}],"collection":[{"href":"https:\/\/www.moorewear.com\/es\/wp-json\/wp\/v2\/product"}],"about":[{"href":"https:\/\/www.moorewear.com\/es\/wp-json\/wp\/v2\/types\/product"}],"version-history":[{"count":3,"href":"https:\/\/www.moorewear.com\/es\/wp-json\/wp\/v2\/product\/34042\/revisions"}],"predecessor-version":[{"id":34791,"href":"https:\/\/www.moorewear.com\/es\/wp-json\/wp\/v2\/product\/34042\/revisions\/34791"}],"wp:featuredmedia":[{"embeddable":true,"href":"https:\/\/www.moorewear.com\/es\/wp-json\/wp\/v2\/media\/33075"}],"wp:attachment":[{"href":"https:\/\/www.moorewear.com\/es\/wp-json\/wp\/v2\/media?parent=34042"}],"wp:term":[{"taxonomy":"product_brand","embeddable":true,"href":"https:\/\/www.moorewear.com\/es\/wp-json\/wp\/v2\/product_brand?post=34042"},{"taxonomy":"product_cat","embeddable":true,"href":"https:\/\/www.moorewear.com\/es\/wp-json\/wp\/v2\/product_cat?post=34042"},{"taxonomy":"product_tag","embeddable":true,"href":"https:\/\/www.moorewear.com\/es\/wp-json\/wp\/v2\/product_tag?post=34042"}],"curies":[{"name":"wp","href":"https:\/\/api.w.org\/{rel}","templated":true}]}}