{"id":34068,"date":"2025-12-18T14:15:11","date_gmt":"2025-12-18T17:15:11","guid":{"rendered":"https:\/\/www.moorewear.com\/producto\/pant-latitude-lady\/"},"modified":"2026-01-07T10:40:12","modified_gmt":"2026-01-07T13:40:12","slug":"pant-latitude-lady","status":"publish","type":"product","link":"https:\/\/www.moorewear.com\/es\/producto\/pant-latitude-lady\/","title":{"rendered":"LATITUDE LADY"},"content":{"rendered":"<p>Un nuevo concepto de pantal\u00f3n de la l\u00ednea Latitude, fabricado en tejido laminado M03 con costuras termoselladas y membrana impermeable interna, que ofrece una mayor protecci\u00f3n frente a la lluvia.<\/p>\n<p>Los pantalones son ligeros y c\u00f3modos gracias a su tejido el\u00e1stico, e incorporan un sistema de ventilaci\u00f3n frontal AVS.<br \/>\nDise\u00f1ados para viajes por carretera o uso urbano, con un estilo que combina a la perfecci\u00f3n con la chaqueta Latitude o con cualquiera de las chaquetas de nuestra colecci\u00f3n.<\/p>\n<p>Equipados con protectores de rodilla Comfort, muy ligeros y flexibles, con certificaci\u00f3n CE Nivel 2.<br \/>\nIncluye un bolsillo interior para protectores de cadera opcionales \u2014 recomendamos nuestro modelo MR106Y, tambi\u00e9n certificado CE Nivel 2.<\/p>\n<p>Los pantalones est\u00e1n certificados conforme a la normativa europea EN 17092-4:2020, nivel A.<\/p>","protected":false},"excerpt":{"rendered":"<p>Pantal\u00f3n crossover para todo el a\u00f1o<br \/>\nTejido exterior softshell M03 de tres capas<br \/>\nCosturas termoselladas<br \/>\nElementos reflectantes<br \/>\nMembrana MRX-WP 100 % impermeable<br \/>\nSistema de doble ajuste en la cintura<br \/>\nBolsillos externos<br \/>\nSistema de ventilaci\u00f3n lateral<br \/>\nCremalleras impermeables<br \/>\nProtectores de rodilla extra\u00edbles con homologaci\u00f3n CE (EN 1621-1:2012 Nivel 2).<br \/>\nBolsillo para protecci\u00f3n de cadera (no incluida).<br \/>\nProducto certificado conforme a la normativa europea EN 17092-4:2020, nivel A.<\/p>","protected":false},"featured_media":33109,"template":"","meta":{"_acf_changed":false},"product_brand":[],"product_cat":[127],"product_tag":[133],"class_list":{"0":"post-34068","1":"product","2":"type-product","3":"status-publish","4":"has-post-thumbnail","6":"product_cat-pants","7":"product_tag-women","8":"pa_size-s","9":"pa_size-m","10":"pa_size-l","11":"pa_size-xl","12":"pa_size-2xl","13":"pa_size-xs","15":"first","16":"instock","17":"purchasable","18":"product-type-variable","19":"has-default-attributes"},"acf":[],"_links":{"self":[{"href":"https:\/\/www.moorewear.com\/es\/wp-json\/wp\/v2\/product\/34068","targetHints":{"allow":["GET"]}}],"collection":[{"href":"https:\/\/www.moorewear.com\/es\/wp-json\/wp\/v2\/product"}],"about":[{"href":"https:\/\/www.moorewear.com\/es\/wp-json\/wp\/v2\/types\/product"}],"version-history":[{"count":4,"href":"https:\/\/www.moorewear.com\/es\/wp-json\/wp\/v2\/product\/34068\/revisions"}],"predecessor-version":[{"id":34788,"href":"https:\/\/www.moorewear.com\/es\/wp-json\/wp\/v2\/product\/34068\/revisions\/34788"}],"wp:featuredmedia":[{"embeddable":true,"href":"https:\/\/www.moorewear.com\/es\/wp-json\/wp\/v2\/media\/33109"}],"wp:attachment":[{"href":"https:\/\/www.moorewear.com\/es\/wp-json\/wp\/v2\/media?parent=34068"}],"wp:term":[{"taxonomy":"product_brand","embeddable":true,"href":"https:\/\/www.moorewear.com\/es\/wp-json\/wp\/v2\/product_brand?post=34068"},{"taxonomy":"product_cat","embeddable":true,"href":"https:\/\/www.moorewear.com\/es\/wp-json\/wp\/v2\/product_cat?post=34068"},{"taxonomy":"product_tag","embeddable":true,"href":"https:\/\/www.moorewear.com\/es\/wp-json\/wp\/v2\/product_tag?post=34068"}],"curies":[{"name":"wp","href":"https:\/\/api.w.org\/{rel}","templated":true}]}}