{"id":34075,"date":"2025-12-18T14:15:11","date_gmt":"2025-12-18T17:15:11","guid":{"rendered":"https:\/\/www.moorewear.com\/producto\/gloves-siku-calefactable\/"},"modified":"2026-01-02T16:02:34","modified_gmt":"2026-01-02T19:02:34","slug":"gloves-siku-calefactable","status":"publish","type":"product","link":"https:\/\/www.moorewear.com\/es\/producto\/gloves-siku-calefactable\/","title":{"rendered":"GLOVES SIKU CALEFACTABLE"},"content":{"rendered":"<p>El guante Siku est\u00e1 confeccionado en piel de vacuno y tejido el\u00e1stico, con paneles el\u00e1sticos en los dedos para mayor comodidad.<br \/>\nSe trata de un guante de ca\u00f1a larga, dise\u00f1ado para temperaturas fr\u00edas a muy fr\u00edas, que incorpora aislamiento t\u00e9rmico Thinsulate\u00ae, forro interior de microfibra polar, membrana impermeable Hipora\u00ae y sistema de calefacci\u00f3n de tres niveles.<\/p>\n<p>Cada guante incluye una bater\u00eda externa de 7,4 V y cuenta con indicador de estado de carga tanto en el propio guante como en la bater\u00eda.<br \/>\nIncluye doble ajuste r\u00e1pido en la mu\u00f1eca con velcro, cierre posterior para evitar la p\u00e9rdida de calor y la entrada de agua, protectores de nudillos, palma de piel reforzada y refuerzos en los laterales de los dedos.<\/p>\n<p>Ideal para conducci\u00f3n urbana y en carretera, y combina a la perfecci\u00f3n con las chaquetas Iris y Nea.<\/p>\n<p>Producto certificado conforme a la normativa europea EN 13594:2015, Nivel 1<\/p>","protected":false},"excerpt":{"rendered":"<p>Guante confeccionado en tejido el\u00e1stico stretch y piel bovina<br \/>\nPalma con refuerzos de piel<br \/>\nAjuste de velcro en la mu\u00f1eca<br \/>\nProtectores de nudillos<br \/>\nElementos reflectantes<br \/>\nPuntas de los dedos compatibles con pantallas t\u00e1ctiles<br \/>\nInserciones el\u00e1sticas en los dedos para mayor comodidad<br \/>\nForro t\u00e9rmico interior de microforro polar<br \/>\nMembrana MRX-WP 100 % impermeable<br \/>\nCalefacci\u00f3n el\u00e9ctrica (3 niveles)<br \/>\nAcolchado t\u00e9rmico Thinsulate\u00ae<br \/>\nProducto certificado conforme a la normativa europea EN 13594:2015, Nivel 1<\/p>","protected":false},"featured_media":33118,"template":"","meta":{"_acf_changed":false},"product_brand":[],"product_cat":[128],"product_tag":[134],"class_list":{"0":"post-34075","1":"product","2":"type-product","3":"status-publish","4":"has-post-thumbnail","6":"product_cat-gloves","7":"product_tag-men","8":"pa_size-s","9":"pa_size-m","10":"pa_size-l","11":"pa_size-xl","12":"pa_size-2xl","14":"first","15":"instock","16":"purchasable","17":"product-type-variable","18":"has-default-attributes"},"acf":[],"_links":{"self":[{"href":"https:\/\/www.moorewear.com\/es\/wp-json\/wp\/v2\/product\/34075","targetHints":{"allow":["GET"]}}],"collection":[{"href":"https:\/\/www.moorewear.com\/es\/wp-json\/wp\/v2\/product"}],"about":[{"href":"https:\/\/www.moorewear.com\/es\/wp-json\/wp\/v2\/types\/product"}],"version-history":[{"count":3,"href":"https:\/\/www.moorewear.com\/es\/wp-json\/wp\/v2\/product\/34075\/revisions"}],"predecessor-version":[{"id":34640,"href":"https:\/\/www.moorewear.com\/es\/wp-json\/wp\/v2\/product\/34075\/revisions\/34640"}],"wp:featuredmedia":[{"embeddable":true,"href":"https:\/\/www.moorewear.com\/es\/wp-json\/wp\/v2\/media\/33118"}],"wp:attachment":[{"href":"https:\/\/www.moorewear.com\/es\/wp-json\/wp\/v2\/media?parent=34075"}],"wp:term":[{"taxonomy":"product_brand","embeddable":true,"href":"https:\/\/www.moorewear.com\/es\/wp-json\/wp\/v2\/product_brand?post=34075"},{"taxonomy":"product_cat","embeddable":true,"href":"https:\/\/www.moorewear.com\/es\/wp-json\/wp\/v2\/product_cat?post=34075"},{"taxonomy":"product_tag","embeddable":true,"href":"https:\/\/www.moorewear.com\/es\/wp-json\/wp\/v2\/product_tag?post=34075"}],"curies":[{"name":"wp","href":"https:\/\/api.w.org\/{rel}","templated":true}]}}