{"id":34085,"date":"2025-12-18T14:15:46","date_gmt":"2025-12-18T17:15:46","guid":{"rendered":"https:\/\/www.moorewear.com\/producto\/gloves-sport-winter\/"},"modified":"2026-01-14T11:30:40","modified_gmt":"2026-01-14T14:30:40","slug":"gloves-sport-winter","status":"publish","type":"product","link":"https:\/\/www.moorewear.com\/es\/producto\/gloves-sport-winter\/","title":{"rendered":"GLOVES SPORT WINTER"},"content":{"rendered":"<p>El guante Sport Winter est\u00e1 confeccionado en piel bovina, una opci\u00f3n c\u00f3moda y elegante para los amantes del cuero que se adapta r\u00e1pidamente a la forma de la mano.<br \/>\nDise\u00f1ado para su uso en clima fr\u00edo, incorpora aislamiento t\u00e9rmico Thinsulate\u00ae, forro interior de tejido polar y membrana impermeable MRX-wp.<\/p>\n<p>Incorpora un cierre r\u00e1pido en la mu\u00f1eca con velcro, protectores de nudillos Comfort con absorci\u00f3n de impactos de Nivel 2, palma de piel reforzada y panel el\u00e1stico de piel en el lateral para una mayor comodidad.<br \/>\nIdeal para la conducci\u00f3n urbana en invierno y combinaci\u00f3n perfecta con las chaquetas Race y Legend.<\/p>\n<p>Producto certificado conforme a la normativa europea EN 13594:2015, Nivel 1<\/p>","protected":false},"excerpt":{"rendered":"<p>Guante de piel bovina<br \/>\nPalma acabada con refuerzos de piel en contraste<br \/>\nAjuste de velcro en la mu\u00f1eca<br \/>\nProtectores de nudillos con absorci\u00f3n de impactos<br \/>\nPuntas de los dedos compatibles con pantallas t\u00e1ctiles<br \/>\nForro t\u00e9rmico interior de microforro polar<br \/>\nMembrana MRX-WP 100 % impermeable<br \/>\nAcolchado t\u00e9rmico Thinsulate\u00ae<br \/>\nProducto certificado conforme a la normativa europea EN 13594:2015, Nivel 1<\/p>","protected":false},"featured_media":33134,"template":"","meta":{"_acf_changed":false},"product_brand":[],"product_cat":[128],"product_tag":[134],"class_list":{"0":"post-34085","1":"product","2":"type-product","3":"status-publish","4":"has-post-thumbnail","6":"product_cat-gloves","7":"product_tag-men","8":"pa_size-s","9":"pa_size-m","10":"pa_size-l","11":"pa_size-xl","12":"pa_size-2xl","14":"first","15":"instock","16":"purchasable","17":"product-type-variable","18":"has-default-attributes"},"acf":[],"_links":{"self":[{"href":"https:\/\/www.moorewear.com\/es\/wp-json\/wp\/v2\/product\/34085","targetHints":{"allow":["GET"]}}],"collection":[{"href":"https:\/\/www.moorewear.com\/es\/wp-json\/wp\/v2\/product"}],"about":[{"href":"https:\/\/www.moorewear.com\/es\/wp-json\/wp\/v2\/types\/product"}],"version-history":[{"count":2,"href":"https:\/\/www.moorewear.com\/es\/wp-json\/wp\/v2\/product\/34085\/revisions"}],"predecessor-version":[{"id":34522,"href":"https:\/\/www.moorewear.com\/es\/wp-json\/wp\/v2\/product\/34085\/revisions\/34522"}],"wp:featuredmedia":[{"embeddable":true,"href":"https:\/\/www.moorewear.com\/es\/wp-json\/wp\/v2\/media\/33134"}],"wp:attachment":[{"href":"https:\/\/www.moorewear.com\/es\/wp-json\/wp\/v2\/media?parent=34085"}],"wp:term":[{"taxonomy":"product_brand","embeddable":true,"href":"https:\/\/www.moorewear.com\/es\/wp-json\/wp\/v2\/product_brand?post=34085"},{"taxonomy":"product_cat","embeddable":true,"href":"https:\/\/www.moorewear.com\/es\/wp-json\/wp\/v2\/product_cat?post=34085"},{"taxonomy":"product_tag","embeddable":true,"href":"https:\/\/www.moorewear.com\/es\/wp-json\/wp\/v2\/product_tag?post=34085"}],"curies":[{"name":"wp","href":"https:\/\/api.w.org\/{rel}","templated":true}]}}