{"id":34102,"date":"2025-12-18T14:15:46","date_gmt":"2025-12-18T17:15:46","guid":{"rendered":"https:\/\/www.moorewear.com\/producto\/gloves-f4\/"},"modified":"2026-01-14T11:35:39","modified_gmt":"2026-01-14T14:35:39","slug":"gloves-f4","status":"publish","type":"product","link":"https:\/\/www.moorewear.com\/es\/producto\/gloves-f4\/","title":{"rendered":"GLOVES F4"},"content":{"rendered":"<p>The F4 glove is made from cowhide leather and high tear-resistant 600D Ripstop Polyester, with stretch panels on the fingers.<br \/>\nSe trata de un guante de ca\u00f1a corta, dise\u00f1ado para la conducci\u00f3n en clima fr\u00edo, que incorpora aislamiento t\u00e9rmico Thinsulate\u00ae, forro interior de tejido polar y membrana impermeable MRX-wp.<\/p>\n<p>It includes a double quick wrist closure with Velcro, one of which is crossed for a more secure fit.<br \/>\nThe Pittards leather palm offers enhanced grip, while Comfort knuckle protectors with Level 2 impact absorption, padded leather reinforcements, and a TPU palm slider provide optimal protection in case of a fall.<\/p>\n<p>Ideal for urban and highway use, and available in three colors, perfectly matching the F4 jackets.<\/p>\n<p>Producto certificado conforme a la normativa europea EN 13594:2015, Nivel 1<\/p>","protected":false},"excerpt":{"rendered":"<p>Guante en piel bovina y poli\u00e9ster Ripstop 600D<br \/>\nPalma de piel Pittards con refuerzos de piel<br \/>\nAjuste en el pu\u00f1o con velcro<br \/>\nAjuste de velcro en la mu\u00f1eca<br \/>\nProtectores de nudillos con absorci\u00f3n de impactos<br \/>\nZona de los dedos compatible con pantallas t\u00e1ctiles<br \/>\nInserciones el\u00e1sticas en los dedos para mayor comodidad<br \/>\nForro t\u00e9rmico de microfelpa<br \/>\nMembrana MRX-WP 100 % impermeable<br \/>\nAcolchado t\u00e9rmico Thinsulate\u00ae<br \/>\nProducto certificado conforme a la normativa europea EN 13594:2015, Nivel 1<\/p>","protected":false},"featured_media":33155,"template":"","meta":{"_acf_changed":false},"product_brand":[],"product_cat":[128],"product_tag":[134],"class_list":{"0":"post-34102","1":"product","2":"type-product","3":"status-publish","4":"has-post-thumbnail","6":"product_cat-gloves","7":"product_tag-men","8":"pa_size-s","9":"pa_size-m","10":"pa_size-l","11":"pa_size-xl","12":"pa_size-2xl","14":"first","15":"instock","16":"purchasable","17":"product-type-variable","18":"has-default-attributes"},"acf":[],"_links":{"self":[{"href":"https:\/\/www.moorewear.com\/es\/wp-json\/wp\/v2\/product\/34102","targetHints":{"allow":["GET"]}}],"collection":[{"href":"https:\/\/www.moorewear.com\/es\/wp-json\/wp\/v2\/product"}],"about":[{"href":"https:\/\/www.moorewear.com\/es\/wp-json\/wp\/v2\/types\/product"}],"version-history":[{"count":3,"href":"https:\/\/www.moorewear.com\/es\/wp-json\/wp\/v2\/product\/34102\/revisions"}],"predecessor-version":[{"id":34644,"href":"https:\/\/www.moorewear.com\/es\/wp-json\/wp\/v2\/product\/34102\/revisions\/34644"}],"wp:featuredmedia":[{"embeddable":true,"href":"https:\/\/www.moorewear.com\/es\/wp-json\/wp\/v2\/media\/33155"}],"wp:attachment":[{"href":"https:\/\/www.moorewear.com\/es\/wp-json\/wp\/v2\/media?parent=34102"}],"wp:term":[{"taxonomy":"product_brand","embeddable":true,"href":"https:\/\/www.moorewear.com\/es\/wp-json\/wp\/v2\/product_brand?post=34102"},{"taxonomy":"product_cat","embeddable":true,"href":"https:\/\/www.moorewear.com\/es\/wp-json\/wp\/v2\/product_cat?post=34102"},{"taxonomy":"product_tag","embeddable":true,"href":"https:\/\/www.moorewear.com\/es\/wp-json\/wp\/v2\/product_tag?post=34102"}],"curies":[{"name":"wp","href":"https:\/\/api.w.org\/{rel}","templated":true}]}}