{"id":34118,"date":"2025-12-18T14:16:42","date_gmt":"2025-12-18T17:16:42","guid":{"rendered":"https:\/\/www.moorewear.com\/producto\/gloves-latitude\/"},"modified":"2026-01-14T11:26:12","modified_gmt":"2026-01-14T14:26:12","slug":"gloves-latitude","status":"publish","type":"product","link":"https:\/\/www.moorewear.com\/es\/producto\/gloves-latitude\/","title":{"rendered":"GLOVES LATITUDE"},"content":{"rendered":"<p>El guante Latitude est\u00e1 confeccionado en piel de vacuno y tejido el\u00e1stico M03, con paneles el\u00e1sticos en los dedos.<br \/>\nDise\u00f1ado para la conducci\u00f3n en clima fr\u00edo, incorpora aislamiento t\u00e9rmico M02 Therma\u00ae, forro interior de tejido polar y membrana impermeable MRX-wp.<\/p>\n<p>Incluye un doble cierre r\u00e1pido en la mu\u00f1eca con velcro para un ajuste seguro y regulable.<br \/>\nEquipado con protectores de nudillos Comfort con absorci\u00f3n de impactos de Nivel 2, palma de piel reforzada, deslizador de TPU en la palma y refuerzos en los laterales de los dedos, garantizando una protecci\u00f3n \u00f3ptima en caso de ca\u00edda.<\/p>\n<p>Ideal para uso urbano y en carretera durante el invierno, y combinaci\u00f3n perfecta con las chaquetas Moore.<\/p>\n<p>Producto certificado conforme a la normativa europea EN 13594:2015, Nivel 1<\/p>","protected":false},"excerpt":{"rendered":"<p>Guante confeccionado en tejido el\u00e1stico stretch y piel bovina<br \/>\nPalma con refuerzos de piel<br \/>\nDoble ajuste en la mu\u00f1eca<br \/>\nProtectores de nudillos con absorci\u00f3n de impactos<br \/>\nPuntas de los dedos compatibles con pantallas t\u00e1ctiles<br \/>\nExterior en piel y tejido el\u00e1stico<br \/>\nInserciones el\u00e1sticas en los dedos para mayor comodidad<br \/>\nForro t\u00e9rmico interior de microforro polar<br \/>\nMembrana MRX-WP 100 % impermeable<br \/>\nAcolchado t\u00e9rmico M02 Therma\u00ae<br \/>\nProducto certificado conforme a la normativa europea EN 13594:2015, Nivel 1<\/p>","protected":false},"featured_media":33176,"template":"","meta":{"_acf_changed":false},"product_brand":[],"product_cat":[128],"product_tag":[134],"class_list":{"0":"post-34118","1":"product","2":"type-product","3":"status-publish","4":"has-post-thumbnail","6":"product_cat-gloves","7":"product_tag-men","8":"pa_size-s","9":"pa_size-m","10":"pa_size-l","11":"pa_size-xl","12":"pa_size-2xl","14":"first","15":"instock","16":"purchasable","17":"product-type-variable","18":"has-default-attributes"},"acf":[],"_links":{"self":[{"href":"https:\/\/www.moorewear.com\/es\/wp-json\/wp\/v2\/product\/34118","targetHints":{"allow":["GET"]}}],"collection":[{"href":"https:\/\/www.moorewear.com\/es\/wp-json\/wp\/v2\/product"}],"about":[{"href":"https:\/\/www.moorewear.com\/es\/wp-json\/wp\/v2\/types\/product"}],"version-history":[{"count":2,"href":"https:\/\/www.moorewear.com\/es\/wp-json\/wp\/v2\/product\/34118\/revisions"}],"predecessor-version":[{"id":34490,"href":"https:\/\/www.moorewear.com\/es\/wp-json\/wp\/v2\/product\/34118\/revisions\/34490"}],"wp:featuredmedia":[{"embeddable":true,"href":"https:\/\/www.moorewear.com\/es\/wp-json\/wp\/v2\/media\/33176"}],"wp:attachment":[{"href":"https:\/\/www.moorewear.com\/es\/wp-json\/wp\/v2\/media?parent=34118"}],"wp:term":[{"taxonomy":"product_brand","embeddable":true,"href":"https:\/\/www.moorewear.com\/es\/wp-json\/wp\/v2\/product_brand?post=34118"},{"taxonomy":"product_cat","embeddable":true,"href":"https:\/\/www.moorewear.com\/es\/wp-json\/wp\/v2\/product_cat?post=34118"},{"taxonomy":"product_tag","embeddable":true,"href":"https:\/\/www.moorewear.com\/es\/wp-json\/wp\/v2\/product_tag?post=34118"}],"curies":[{"name":"wp","href":"https:\/\/api.w.org\/{rel}","templated":true}]}}