{"id":34140,"date":"2025-12-18T14:17:11","date_gmt":"2025-12-18T17:17:11","guid":{"rendered":"https:\/\/www.moorewear.com\/producto\/gloves-atka\/"},"modified":"2026-04-30T12:24:09","modified_gmt":"2026-04-30T15:24:09","slug":"gloves-atka","status":"publish","type":"product","link":"https:\/\/www.moorewear.com\/es\/producto\/gloves-atka\/","title":{"rendered":"GLOVES ATKA"},"content":{"rendered":"<p>El guante 360 WP est\u00e1 confeccionado en piel bovina y tejido el\u00e1stico, con paneles stretch en los dedos para mayor comodidad.<br \/>\nSe trata de un guante de ca\u00f1a corta, dise\u00f1ado para la conducci\u00f3n en clima fr\u00edo, que incorpora aislamiento t\u00e9rmico Thinsulate\u00ae, forro interior de tejido polar y membrana impermeable MRX-wp.<\/p>\n<p>Incluye un cierre r\u00e1pido en la mu\u00f1eca con velcro y el\u00e1stico.<br \/>\nEquipado con protectores de nudillos Comfort con absorci\u00f3n de impactos de Nivel 2, palma de piel reforzada, deslizador de TPU en la palma y refuerzos en los laterales de los dedos, garantizando una protecci\u00f3n \u00f3ptima en caso de ca\u00edda.<\/p>\n<p>Ideal para conducci\u00f3n urbana y en carretera, y combina a la perfecci\u00f3n con las chaquetas Iris y Nea.<\/p>\n<p>Producto certificado conforme a la normativa europea EN 13594:2015, Nivel 1<\/p>","protected":false},"excerpt":{"rendered":"<p>Guante confeccionado en tejido el\u00e1stico stretch y piel bovina<br \/>\nPalma con refuerzos de piel<br \/>\nAjuste en la mu\u00f1eca con el\u00e1stico y velcro<br \/>\nProtectores de nudillos con absorci\u00f3n de impactos<br \/>\nElementos reflectantes<br \/>\nPuntas de los dedos compatibles con pantallas t\u00e1ctiles<br \/>\nInserciones el\u00e1sticas en los dedos para mayor comodidad<br \/>\nForro t\u00e9rmico interior de microforro polar<br \/>\nMembrana MRX-WP 100 % impermeable<br \/>\nAcolchado t\u00e9rmico Thinsulate\u00ae<br \/>\nProducto certificado conforme a la normativa europea EN 13594:2015, Nivel 1<\/p>","protected":false},"featured_media":33206,"template":"","meta":{"_acf_changed":false},"product_brand":[],"product_cat":[128],"product_tag":[134],"class_list":{"0":"post-34140","1":"product","2":"type-product","3":"status-publish","4":"has-post-thumbnail","6":"product_cat-gloves","7":"product_tag-men","8":"pa_size-s","9":"pa_size-m","10":"pa_size-l","11":"pa_size-xl","12":"pa_size-2xl","14":"first","15":"instock","16":"purchasable","17":"product-type-variable","18":"has-default-attributes"},"acf":[],"_links":{"self":[{"href":"https:\/\/www.moorewear.com\/es\/wp-json\/wp\/v2\/product\/34140","targetHints":{"allow":["GET"]}}],"collection":[{"href":"https:\/\/www.moorewear.com\/es\/wp-json\/wp\/v2\/product"}],"about":[{"href":"https:\/\/www.moorewear.com\/es\/wp-json\/wp\/v2\/types\/product"}],"version-history":[{"count":3,"href":"https:\/\/www.moorewear.com\/es\/wp-json\/wp\/v2\/product\/34140\/revisions"}],"predecessor-version":[{"id":35050,"href":"https:\/\/www.moorewear.com\/es\/wp-json\/wp\/v2\/product\/34140\/revisions\/35050"}],"wp:featuredmedia":[{"embeddable":true,"href":"https:\/\/www.moorewear.com\/es\/wp-json\/wp\/v2\/media\/33206"}],"wp:attachment":[{"href":"https:\/\/www.moorewear.com\/es\/wp-json\/wp\/v2\/media?parent=34140"}],"wp:term":[{"taxonomy":"product_brand","embeddable":true,"href":"https:\/\/www.moorewear.com\/es\/wp-json\/wp\/v2\/product_brand?post=34140"},{"taxonomy":"product_cat","embeddable":true,"href":"https:\/\/www.moorewear.com\/es\/wp-json\/wp\/v2\/product_cat?post=34140"},{"taxonomy":"product_tag","embeddable":true,"href":"https:\/\/www.moorewear.com\/es\/wp-json\/wp\/v2\/product_tag?post=34140"}],"curies":[{"name":"wp","href":"https:\/\/api.w.org\/{rel}","templated":true}]}}