{"id":34146,"date":"2025-12-18T14:17:11","date_gmt":"2025-12-18T17:17:11","guid":{"rendered":"https:\/\/www.moorewear.com\/producto\/gloves-sport-leather-mr\/"},"modified":"2026-04-30T12:12:43","modified_gmt":"2026-04-30T15:12:43","slug":"gloves-sport-leather-mr","status":"publish","type":"product","link":"https:\/\/www.moorewear.com\/es\/producto\/gloves-sport-leather-mr\/","title":{"rendered":"GLOVES SPORT LEATHER"},"content":{"rendered":"<p>El guante Sport Leather est\u00e1 confeccionado en piel de vacuno, una opci\u00f3n c\u00f3moda y elegante para los amantes del cuero que se adapta r\u00e1pidamente a la forma de la mano. Dise\u00f1ado para su uso en climas c\u00e1lidos gracias a la piel perforada y al forro interior de micro malla transpirable.<\/p>\n<p>Incorpora un cierre r\u00e1pido en la mu\u00f1eca con velcro, protectores de nudillos Comfort con absorci\u00f3n de impactos de Nivel 2, palma de piel reforzada y panel el\u00e1stico de piel en el lateral para una mayor comodidad.<br \/>\nPerfecto para la conducci\u00f3n urbana y combinaci\u00f3n ideal con las chaquetas Race y Legend.<\/p>\n<p>Producto certificado conforme a la normativa europea EN 13594:2015, Nivel 1<\/p>","protected":false},"excerpt":{"rendered":"<p>Piel bovina perforada en la palma y el dorso<br \/>\nForro ultrafino<br \/>\nPalma reforzada en piel<br \/>\nProtectores de nudillos con absorci\u00f3n de impactos<br \/>\nZona de doble fuelle para una mayor comodidad<br \/>\nPu\u00f1os regulables con cierre de velcro<br \/>\nProducto certificado conforme a la normativa europea EN 13594:2015, Nivel 1<\/p>","protected":false},"featured_media":33214,"template":"","meta":{"_acf_changed":false},"product_brand":[],"product_cat":[128],"product_tag":[134],"class_list":{"0":"post-34146","1":"product","2":"type-product","3":"status-publish","4":"has-post-thumbnail","6":"product_cat-gloves","7":"product_tag-men","8":"pa_size-s","9":"pa_size-m","10":"pa_size-l","11":"pa_size-xl","12":"pa_size-2xl","14":"first","15":"instock","16":"purchasable","17":"product-type-variable","18":"has-default-attributes"},"acf":[],"_links":{"self":[{"href":"https:\/\/www.moorewear.com\/es\/wp-json\/wp\/v2\/product\/34146","targetHints":{"allow":["GET"]}}],"collection":[{"href":"https:\/\/www.moorewear.com\/es\/wp-json\/wp\/v2\/product"}],"about":[{"href":"https:\/\/www.moorewear.com\/es\/wp-json\/wp\/v2\/types\/product"}],"version-history":[{"count":4,"href":"https:\/\/www.moorewear.com\/es\/wp-json\/wp\/v2\/product\/34146\/revisions"}],"predecessor-version":[{"id":35032,"href":"https:\/\/www.moorewear.com\/es\/wp-json\/wp\/v2\/product\/34146\/revisions\/35032"}],"wp:featuredmedia":[{"embeddable":true,"href":"https:\/\/www.moorewear.com\/es\/wp-json\/wp\/v2\/media\/33214"}],"wp:attachment":[{"href":"https:\/\/www.moorewear.com\/es\/wp-json\/wp\/v2\/media?parent=34146"}],"wp:term":[{"taxonomy":"product_brand","embeddable":true,"href":"https:\/\/www.moorewear.com\/es\/wp-json\/wp\/v2\/product_brand?post=34146"},{"taxonomy":"product_cat","embeddable":true,"href":"https:\/\/www.moorewear.com\/es\/wp-json\/wp\/v2\/product_cat?post=34146"},{"taxonomy":"product_tag","embeddable":true,"href":"https:\/\/www.moorewear.com\/es\/wp-json\/wp\/v2\/product_tag?post=34146"}],"curies":[{"name":"wp","href":"https:\/\/api.w.org\/{rel}","templated":true}]}}