{"id":34157,"date":"2025-12-18T14:17:31","date_gmt":"2025-12-18T17:17:31","guid":{"rendered":"https:\/\/www.moorewear.com\/producto\/gloves-360-wp\/"},"modified":"2026-01-02T16:13:13","modified_gmt":"2026-01-02T19:13:13","slug":"gloves-360-wp","status":"publish","type":"product","link":"https:\/\/www.moorewear.com\/es\/producto\/gloves-360-wp\/","title":{"rendered":"GLOVES 360 WP"},"content":{"rendered":"<p>El guante 360 WP est\u00e1 confeccionado en piel bovina y tejido el\u00e1stico, con paneles stretch en los dedos para mayor comodidad.<br \/>\nSe trata de un guante de ca\u00f1a corta con membrana impermeable MRX-WP y sin aislamiento t\u00e9rmico, lo que lo hace ideal para climas de invierno suaves o para quienes prefieren un guante con m\u00e1xima sensibilidad al tacto durante los meses m\u00e1s fr\u00edos.<br \/>\nTambi\u00e9n funciona perfectamente cuando se utiliza con manoplas de manillar en regiones muy fr\u00edas.<\/p>\n<p>It features a quick wrist closure with Velcro, rigid knuckle protection, and reinforced side panels.<br \/>\nApto para uso urbano y en carretera, combina perfectamente con las chaquetas Moore 12 meses.<\/p>\n<p>Producto certificado conforme a la normativa europea EN 13594:2015, Nivel 1<\/p>","protected":false},"excerpt":{"rendered":"<p>Guante confeccionado en tejido el\u00e1stico stretch y piel bovina<br \/>\nPalma con refuerzos de piel<br \/>\nAjuste de velcro en la mu\u00f1eca<br \/>\nProtectores r\u00edgidos en los nudillos<br \/>\nElementos reflectantes<br \/>\nPuntas de los dedos compatibles con pantallas t\u00e1ctiles<br \/>\nInserciones el\u00e1sticas en los dedos para mayor comodidad<br \/>\nForro ultrafino<br \/>\nMembrana MRX-WP 100 % impermeable<br \/>\nProducto certificado seg\u00fan la norma europea EN 13594:2015 Nivel 1KP<\/p>","protected":false},"featured_media":33229,"template":"","meta":{"_acf_changed":false},"product_brand":[],"product_cat":[128],"product_tag":[134],"class_list":{"0":"post-34157","1":"product","2":"type-product","3":"status-publish","4":"has-post-thumbnail","6":"product_cat-gloves","7":"product_tag-men","8":"pa_size-s","9":"pa_size-m","10":"pa_size-l","11":"pa_size-xl","12":"pa_size-2xl","14":"first","15":"instock","16":"purchasable","17":"product-type-variable","18":"has-default-attributes"},"acf":[],"_links":{"self":[{"href":"https:\/\/www.moorewear.com\/es\/wp-json\/wp\/v2\/product\/34157","targetHints":{"allow":["GET"]}}],"collection":[{"href":"https:\/\/www.moorewear.com\/es\/wp-json\/wp\/v2\/product"}],"about":[{"href":"https:\/\/www.moorewear.com\/es\/wp-json\/wp\/v2\/types\/product"}],"version-history":[{"count":2,"href":"https:\/\/www.moorewear.com\/es\/wp-json\/wp\/v2\/product\/34157\/revisions"}],"predecessor-version":[{"id":34466,"href":"https:\/\/www.moorewear.com\/es\/wp-json\/wp\/v2\/product\/34157\/revisions\/34466"}],"wp:featuredmedia":[{"embeddable":true,"href":"https:\/\/www.moorewear.com\/es\/wp-json\/wp\/v2\/media\/33229"}],"wp:attachment":[{"href":"https:\/\/www.moorewear.com\/es\/wp-json\/wp\/v2\/media?parent=34157"}],"wp:term":[{"taxonomy":"product_brand","embeddable":true,"href":"https:\/\/www.moorewear.com\/es\/wp-json\/wp\/v2\/product_brand?post=34157"},{"taxonomy":"product_cat","embeddable":true,"href":"https:\/\/www.moorewear.com\/es\/wp-json\/wp\/v2\/product_cat?post=34157"},{"taxonomy":"product_tag","embeddable":true,"href":"https:\/\/www.moorewear.com\/es\/wp-json\/wp\/v2\/product_tag?post=34157"}],"curies":[{"name":"wp","href":"https:\/\/api.w.org\/{rel}","templated":true}]}}