{"id":34163,"date":"2025-12-18T14:17:31","date_gmt":"2025-12-18T17:17:31","guid":{"rendered":"https:\/\/www.moorewear.com\/producto\/gloves-tnt-mr\/"},"modified":"2026-01-02T16:08:50","modified_gmt":"2026-01-02T19:08:50","slug":"gloves-tnt-mr","status":"publish","type":"product","link":"https:\/\/www.moorewear.com\/es\/producto\/gloves-tnt-mr\/","title":{"rendered":"GLOVES TNT"},"content":{"rendered":"<p>El guante TNT est\u00e1 confeccionado en piel bovina y tejido de nailon.<br \/>\nDise\u00f1ado para su uso en climas fr\u00edos, incorpora aislamiento t\u00e9rmico Thinsulate\u00ae, forro de microfelpa y una membrana impermeable MRX-wp.<\/p>\n<p>Incluye un doble cierre r\u00e1pido en la mu\u00f1eca con velcro para un ajuste seguro y regulable.<br \/>\nEquipado con protectores de nudillos Comfort con absorci\u00f3n de impactos de Nivel 2 y palma de piel con refuerzos.<\/p>\n<p>Ideal para la conducci\u00f3n urbana en invierno y combinaci\u00f3n perfecta con las chaquetas Moore.<\/p>\n<p>Producto certificado conforme a la normativa europea EN 13594:2015, Nivel 1<\/p>","protected":false},"excerpt":{"rendered":"<p>Guante de tejido de nailon y piel bovina<br \/>\nPalma reforzada en piel<br \/>\nProtectores de nudillos con absorci\u00f3n de impactos<br \/>\nPuntas de los dedos compatibles con pantallas t\u00e1ctiles<br \/>\nAjuste de velcro en la mu\u00f1eca<br \/>\nForro t\u00e9rmico de microfelpa<br \/>\nAcolchado t\u00e9rmico Thinsulate\u00ae<br \/>\nMembrana MRX-WP 100 % impermeable<br \/>\nProducto certificado conforme a la normativa europea EN 13594:2015, Nivel 1<\/p>","protected":false},"featured_media":33237,"template":"","meta":{"_acf_changed":false},"product_brand":[],"product_cat":[128],"product_tag":[134],"class_list":{"0":"post-34163","1":"product","2":"type-product","3":"status-publish","4":"has-post-thumbnail","6":"product_cat-gloves","7":"product_tag-men","8":"pa_size-s","9":"pa_size-m","10":"pa_size-l","11":"pa_size-xl","12":"pa_size-2xl","14":"first","15":"instock","16":"purchasable","17":"product-type-variable","18":"has-default-attributes"},"acf":[],"_links":{"self":[{"href":"https:\/\/www.moorewear.com\/es\/wp-json\/wp\/v2\/product\/34163","targetHints":{"allow":["GET"]}}],"collection":[{"href":"https:\/\/www.moorewear.com\/es\/wp-json\/wp\/v2\/product"}],"about":[{"href":"https:\/\/www.moorewear.com\/es\/wp-json\/wp\/v2\/types\/product"}],"version-history":[{"count":4,"href":"https:\/\/www.moorewear.com\/es\/wp-json\/wp\/v2\/product\/34163\/revisions"}],"predecessor-version":[{"id":34647,"href":"https:\/\/www.moorewear.com\/es\/wp-json\/wp\/v2\/product\/34163\/revisions\/34647"}],"wp:featuredmedia":[{"embeddable":true,"href":"https:\/\/www.moorewear.com\/es\/wp-json\/wp\/v2\/media\/33237"}],"wp:attachment":[{"href":"https:\/\/www.moorewear.com\/es\/wp-json\/wp\/v2\/media?parent=34163"}],"wp:term":[{"taxonomy":"product_brand","embeddable":true,"href":"https:\/\/www.moorewear.com\/es\/wp-json\/wp\/v2\/product_brand?post=34163"},{"taxonomy":"product_cat","embeddable":true,"href":"https:\/\/www.moorewear.com\/es\/wp-json\/wp\/v2\/product_cat?post=34163"},{"taxonomy":"product_tag","embeddable":true,"href":"https:\/\/www.moorewear.com\/es\/wp-json\/wp\/v2\/product_tag?post=34163"}],"curies":[{"name":"wp","href":"https:\/\/api.w.org\/{rel}","templated":true}]}}