{"id":34169,"date":"2025-12-18T14:17:31","date_gmt":"2025-12-18T17:17:31","guid":{"rendered":"https:\/\/www.moorewear.com\/producto\/gloves-scrambler\/"},"modified":"2026-01-14T11:20:56","modified_gmt":"2026-01-14T14:20:56","slug":"gloves-scrambler","status":"publish","type":"product","link":"https:\/\/www.moorewear.com\/es\/producto\/gloves-scrambler\/","title":{"rendered":"GLOVES SCRAMBLER"},"content":{"rendered":"<p>El guante Scrambler est\u00e1 fabricado en piel bovina, una opci\u00f3n c\u00f3moda y con estilo para los amantes del cuero, que se adapta r\u00e1pidamente a la forma de la mano. Incorpora un doble ajuste en la mu\u00f1eca con el\u00e1stico y bot\u00f3n met\u00e1lico a presi\u00f3n, dedos precurvados que siguen de forma natural la posici\u00f3n del manillar y costuras invertidas para un confort adicional.<\/p>\n<p>Dise\u00f1ado para su uso en climas c\u00e1lidos gracias a su forro de micro-mesh transpirable, es ideal para desplazamientos urbanos. Combina a la perfecci\u00f3n con las chaquetas Race y Legend.<\/p>\n<p>Producto certificado conforme a la normativa europea EN 13594:2015, Nivel 1<\/p>","protected":false},"excerpt":{"rendered":"<p>Guante de piel bovina perforada<br \/>\nPalma reforzada en piel<br \/>\nForro ultrafino<br \/>\nDedos pre-curvados para mayor comodidad<br \/>\nPu\u00f1o el\u00e1stico y correa de ajuste para una mayor comodidad<br \/>\nProducto certificado conforme a la normativa europea EN 13594:2015, Nivel 1<\/p>","protected":false},"featured_media":33245,"template":"","meta":{"_acf_changed":false},"product_brand":[],"product_cat":[128],"product_tag":[134],"class_list":{"0":"post-34169","1":"product","2":"type-product","3":"status-publish","4":"has-post-thumbnail","6":"product_cat-gloves","7":"product_tag-men","8":"pa_size-s","9":"pa_size-m","10":"pa_size-l","11":"pa_size-xl","12":"pa_size-2xl","14":"first","15":"instock","16":"purchasable","17":"product-type-variable","18":"has-default-attributes"},"acf":[],"_links":{"self":[{"href":"https:\/\/www.moorewear.com\/es\/wp-json\/wp\/v2\/product\/34169","targetHints":{"allow":["GET"]}}],"collection":[{"href":"https:\/\/www.moorewear.com\/es\/wp-json\/wp\/v2\/product"}],"about":[{"href":"https:\/\/www.moorewear.com\/es\/wp-json\/wp\/v2\/types\/product"}],"version-history":[{"count":3,"href":"https:\/\/www.moorewear.com\/es\/wp-json\/wp\/v2\/product\/34169\/revisions"}],"predecessor-version":[{"id":34648,"href":"https:\/\/www.moorewear.com\/es\/wp-json\/wp\/v2\/product\/34169\/revisions\/34648"}],"wp:featuredmedia":[{"embeddable":true,"href":"https:\/\/www.moorewear.com\/es\/wp-json\/wp\/v2\/media\/33245"}],"wp:attachment":[{"href":"https:\/\/www.moorewear.com\/es\/wp-json\/wp\/v2\/media?parent=34169"}],"wp:term":[{"taxonomy":"product_brand","embeddable":true,"href":"https:\/\/www.moorewear.com\/es\/wp-json\/wp\/v2\/product_brand?post=34169"},{"taxonomy":"product_cat","embeddable":true,"href":"https:\/\/www.moorewear.com\/es\/wp-json\/wp\/v2\/product_cat?post=34169"},{"taxonomy":"product_tag","embeddable":true,"href":"https:\/\/www.moorewear.com\/es\/wp-json\/wp\/v2\/product_tag?post=34169"}],"curies":[{"name":"wp","href":"https:\/\/api.w.org\/{rel}","templated":true}]}}