{"id":34186,"date":"2025-12-18T14:18:06","date_gmt":"2025-12-18T17:18:06","guid":{"rendered":"https:\/\/www.moorewear.com\/producto\/gloves-city\/"},"modified":"2026-01-02T16:10:28","modified_gmt":"2026-01-02T19:10:28","slug":"gloves-city","status":"publish","type":"product","link":"https:\/\/www.moorewear.com\/es\/producto\/gloves-city\/","title":{"rendered":"GLOVES CITY"},"content":{"rendered":"<p>El guante City est\u00e1 confeccionado en piel bovina y tejido el\u00e1stico.<br \/>\nSe trata de un guante de ca\u00f1a corta, dise\u00f1ado para la conducci\u00f3n en clima fr\u00edo, que incorpora aislamiento t\u00e9rmico Thinsulate\u00ae, forro interior de tejido polar y membrana impermeable MRX-wp.<\/p>\n<p>Incluye un cierre el\u00e1stico en la mu\u00f1eca para un ajuste c\u00f3modo y seguro.<br \/>\nIdeal para la conducci\u00f3n urbana en invierno y combinaci\u00f3n perfecta con las chaquetas Moore.<\/p>\n<p>Producto certificado conforme a la normativa europea EN 13594:2015, Nivel 1<\/p>","protected":false},"excerpt":{"rendered":"<p>Guante de piel bovina y tejido el\u00e1stico<br \/>\nPalma de piel<br \/>\nPuntas de los dedos compatibles con pantallas t\u00e1ctiles<br \/>\nAjuste el\u00e1stico en la mu\u00f1eca<br \/>\nForro t\u00e9rmico de microfelpa<br \/>\nAcolchado t\u00e9rmico Thinsulate\u00ae<br \/>\nMembrana MRX-WP 100 % impermeable<br \/>\nProducto certificado conforme a la normativa europea EN 13594:2015, Nivel 1<\/p>","protected":false},"featured_media":33268,"template":"","meta":{"_acf_changed":false},"product_brand":[],"product_cat":[128],"product_tag":[134],"class_list":{"0":"post-34186","1":"product","2":"type-product","3":"status-publish","4":"has-post-thumbnail","6":"product_cat-gloves","7":"product_tag-men","8":"pa_size-s","9":"pa_size-m","10":"pa_size-l","11":"pa_size-xl","12":"pa_size-2xl","14":"first","15":"instock","16":"purchasable","17":"product-type-variable","18":"has-default-attributes"},"acf":[],"_links":{"self":[{"href":"https:\/\/www.moorewear.com\/es\/wp-json\/wp\/v2\/product\/34186","targetHints":{"allow":["GET"]}}],"collection":[{"href":"https:\/\/www.moorewear.com\/es\/wp-json\/wp\/v2\/product"}],"about":[{"href":"https:\/\/www.moorewear.com\/es\/wp-json\/wp\/v2\/types\/product"}],"version-history":[{"count":3,"href":"https:\/\/www.moorewear.com\/es\/wp-json\/wp\/v2\/product\/34186\/revisions"}],"predecessor-version":[{"id":34649,"href":"https:\/\/www.moorewear.com\/es\/wp-json\/wp\/v2\/product\/34186\/revisions\/34649"}],"wp:featuredmedia":[{"embeddable":true,"href":"https:\/\/www.moorewear.com\/es\/wp-json\/wp\/v2\/media\/33268"}],"wp:attachment":[{"href":"https:\/\/www.moorewear.com\/es\/wp-json\/wp\/v2\/media?parent=34186"}],"wp:term":[{"taxonomy":"product_brand","embeddable":true,"href":"https:\/\/www.moorewear.com\/es\/wp-json\/wp\/v2\/product_brand?post=34186"},{"taxonomy":"product_cat","embeddable":true,"href":"https:\/\/www.moorewear.com\/es\/wp-json\/wp\/v2\/product_cat?post=34186"},{"taxonomy":"product_tag","embeddable":true,"href":"https:\/\/www.moorewear.com\/es\/wp-json\/wp\/v2\/product_tag?post=34186"}],"curies":[{"name":"wp","href":"https:\/\/api.w.org\/{rel}","templated":true}]}}