{"id":34192,"date":"2025-12-18T14:18:06","date_gmt":"2025-12-18T17:18:06","guid":{"rendered":"https:\/\/www.moorewear.com\/producto\/gloves-traffic\/"},"modified":"2026-02-20T16:22:02","modified_gmt":"2026-02-20T19:22:02","slug":"gloves-traffic","status":"publish","type":"product","link":"https:\/\/www.moorewear.com\/es\/producto\/gloves-traffic\/","title":{"rendered":"GLOVES TRAFFIC"},"content":{"rendered":"<p>El guante Traffic est\u00e1 confeccionado en tejido el\u00e1stico y Amara, especialmente dise\u00f1ado para la conducci\u00f3n en clima fr\u00edo gracias a su aislamiento t\u00e9rmico Thinsulate\u00ae, forro interior de tejido micro polar y membrana impermeable MRX-wp.<\/p>\n<p>Incluye un cierre el\u00e1stico en la mu\u00f1eca para un ajuste c\u00f3modo y seguro.<br \/>\nIdeal para la conducci\u00f3n urbana en invierno y combinaci\u00f3n perfecta con las chaquetas Moore.<\/p>\n<p>Producto certificado conforme a la normativa europea EN 13594:2015, Nivel 1<\/p>","protected":false},"excerpt":{"rendered":"<p>Guante de tejido el\u00e1stico<br \/>\nPalma en Amara<br \/>\nRefuerzos en la palma<br \/>\nForro t\u00e9rmico interior de tejido micro polar<br \/>\nMembrana MRX-WP 100 % impermeable<br \/>\nAislamiento t\u00e9rmico Thinsulate\u00ae<br \/>\nPuntas de los dedos compatibles con pantallas t\u00e1ctiles<br \/>\nProtectores r\u00edgidos de nudillos<br \/>\nCierre en la mu\u00f1eca con velcro<br \/>\nProducto certificado conforme a la normativa europea EN 13594:2015, Nivel 1<\/p>","protected":false},"featured_media":33276,"template":"","meta":{"_acf_changed":false},"product_brand":[],"product_cat":[128],"product_tag":[134],"class_list":{"0":"post-34192","1":"product","2":"type-product","3":"status-publish","4":"has-post-thumbnail","6":"product_cat-gloves","7":"product_tag-men","8":"pa_size-s","9":"pa_size-m","10":"pa_size-l","11":"pa_size-xl","12":"pa_size-2xl","14":"first","15":"instock","16":"purchasable","17":"product-type-variable","18":"has-default-attributes"},"acf":[],"_links":{"self":[{"href":"https:\/\/www.moorewear.com\/es\/wp-json\/wp\/v2\/product\/34192","targetHints":{"allow":["GET"]}}],"collection":[{"href":"https:\/\/www.moorewear.com\/es\/wp-json\/wp\/v2\/product"}],"about":[{"href":"https:\/\/www.moorewear.com\/es\/wp-json\/wp\/v2\/types\/product"}],"version-history":[{"count":6,"href":"https:\/\/www.moorewear.com\/es\/wp-json\/wp\/v2\/product\/34192\/revisions"}],"predecessor-version":[{"id":34946,"href":"https:\/\/www.moorewear.com\/es\/wp-json\/wp\/v2\/product\/34192\/revisions\/34946"}],"wp:featuredmedia":[{"embeddable":true,"href":"https:\/\/www.moorewear.com\/es\/wp-json\/wp\/v2\/media\/33276"}],"wp:attachment":[{"href":"https:\/\/www.moorewear.com\/es\/wp-json\/wp\/v2\/media?parent=34192"}],"wp:term":[{"taxonomy":"product_brand","embeddable":true,"href":"https:\/\/www.moorewear.com\/es\/wp-json\/wp\/v2\/product_brand?post=34192"},{"taxonomy":"product_cat","embeddable":true,"href":"https:\/\/www.moorewear.com\/es\/wp-json\/wp\/v2\/product_cat?post=34192"},{"taxonomy":"product_tag","embeddable":true,"href":"https:\/\/www.moorewear.com\/es\/wp-json\/wp\/v2\/product_tag?post=34192"}],"curies":[{"name":"wp","href":"https:\/\/api.w.org\/{rel}","templated":true}]}}