{"id":34198,"date":"2025-12-18T14:18:44","date_gmt":"2025-12-18T17:18:44","guid":{"rendered":"https:\/\/www.moorewear.com\/producto\/gloves-new-mesh\/"},"modified":"2026-01-07T10:53:50","modified_gmt":"2026-01-07T13:53:50","slug":"gloves-new-mesh","status":"publish","type":"product","link":"https:\/\/www.moorewear.com\/es\/producto\/gloves-new-mesh\/","title":{"rendered":"GLOVES NEW MESH"},"content":{"rendered":"<p>El guante New Mesh est\u00e1 confeccionado en piel bovina y dise\u00f1ado para climas c\u00e1lidos y muy c\u00e1lidos gracias a su tejido mesh y su forro interior de micro malla transpirable.<\/p>\n<p>Incorpora un cierre r\u00e1pido en la mu\u00f1eca con velcro, protectores de nudillos Comfort con absorci\u00f3n de impactos de Nivel 2 y palma de piel reforzada.<br \/>\nPerfecto para la conducci\u00f3n urbana, es un guante muy c\u00f3modo que combina a la perfecci\u00f3n con las chaquetas Air y Vento 2.<\/p>\n<p>Producto certificado conforme a la normativa europea EN 13594:2015, Nivel 1<\/p>","protected":false},"excerpt":{"rendered":"<p>Guantes de tejido mesh y piel bovina<br \/>\nPalma de piel<br \/>\nForro ultrafino<br \/>\nPuntas de los dedos compatibles con pantallas t\u00e1ctiles<br \/>\nProtectores de nudillos con absorci\u00f3n de impactos<br \/>\nPu\u00f1os con ajuste de velcro<br \/>\nProducto certificado conforme a la normativa europea EN 13594:2015, Nivel 1<\/p>","protected":false},"featured_media":33284,"template":"","meta":{"_acf_changed":false},"product_brand":[],"product_cat":[128],"product_tag":[134],"class_list":{"0":"post-34198","1":"product","2":"type-product","3":"status-publish","4":"has-post-thumbnail","6":"product_cat-gloves","7":"product_tag-men","8":"pa_size-s","9":"pa_size-m","10":"pa_size-l","11":"pa_size-xl","12":"pa_size-2xl","14":"first","15":"instock","16":"purchasable","17":"product-type-variable","18":"has-default-attributes"},"acf":[],"_links":{"self":[{"href":"https:\/\/www.moorewear.com\/es\/wp-json\/wp\/v2\/product\/34198","targetHints":{"allow":["GET"]}}],"collection":[{"href":"https:\/\/www.moorewear.com\/es\/wp-json\/wp\/v2\/product"}],"about":[{"href":"https:\/\/www.moorewear.com\/es\/wp-json\/wp\/v2\/types\/product"}],"version-history":[{"count":3,"href":"https:\/\/www.moorewear.com\/es\/wp-json\/wp\/v2\/product\/34198\/revisions"}],"predecessor-version":[{"id":34688,"href":"https:\/\/www.moorewear.com\/es\/wp-json\/wp\/v2\/product\/34198\/revisions\/34688"}],"wp:featuredmedia":[{"embeddable":true,"href":"https:\/\/www.moorewear.com\/es\/wp-json\/wp\/v2\/media\/33284"}],"wp:attachment":[{"href":"https:\/\/www.moorewear.com\/es\/wp-json\/wp\/v2\/media?parent=34198"}],"wp:term":[{"taxonomy":"product_brand","embeddable":true,"href":"https:\/\/www.moorewear.com\/es\/wp-json\/wp\/v2\/product_brand?post=34198"},{"taxonomy":"product_cat","embeddable":true,"href":"https:\/\/www.moorewear.com\/es\/wp-json\/wp\/v2\/product_cat?post=34198"},{"taxonomy":"product_tag","embeddable":true,"href":"https:\/\/www.moorewear.com\/es\/wp-json\/wp\/v2\/product_tag?post=34198"}],"curies":[{"name":"wp","href":"https:\/\/api.w.org\/{rel}","templated":true}]}}