{"id":34204,"date":"2025-12-18T14:18:44","date_gmt":"2025-12-18T17:18:44","guid":{"rendered":"https:\/\/www.moorewear.com\/producto\/gloves-road\/"},"modified":"2026-01-14T11:16:34","modified_gmt":"2026-01-14T14:16:34","slug":"gloves-road","status":"publish","type":"product","link":"https:\/\/www.moorewear.com\/es\/producto\/gloves-road\/","title":{"rendered":"GLOVES ROAD"},"content":{"rendered":"<p>El guante Road est\u00e1 fabricado en piel bovina y es extremadamente c\u00f3modo. Ha sido dise\u00f1ado para su uso en climas c\u00e1lidos gracias a su tejido el\u00e1stico y a su forro de micro-mesh transpirable.<\/p>\n<p>Incorpora un cierre r\u00e1pido en la mu\u00f1eca con velcro, protecciones Comfort en los nudillos con absorci\u00f3n de impactos de Nivel 2, palma de piel reforzada, deslizador de palma en TPU y refuerzos laterales en los dedos, garantizando una protecci\u00f3n \u00f3ptima en caso de ca\u00edda. Perfecto tanto para conducci\u00f3n urbana como en carretera.<\/p>\n<p>Un guante muy c\u00f3modo que combina a la perfecci\u00f3n con las chaquetas Air y Vento 2 \u2192 para hombre.<\/p>\n<p>Un guante muy c\u00f3modo que combina a la perfecci\u00f3n con la chaqueta Bahia \u2192 para mujer.<\/p>\n<p>Producto certificado conforme a la normativa europea EN 13594:2015, Nivel 1<\/p>","protected":false},"excerpt":{"rendered":"<p>Guante de tejido el\u00e1stico transpirable y piel bovina<br \/>\nPalma reforzada en piel<br \/>\nForro ultrafino<br \/>\nPuntas de los dedos compatibles con pantallas t\u00e1ctiles<br \/>\nProtectores de nudillos con absorci\u00f3n de impactos<br \/>\nRefuerzos en la palma y en los laterales<br \/>\nPu\u00f1os el\u00e1sticos con ajuste de velcro<br \/>\nProducto certificado conforme a la normativa europea EN 13594:2015, Nivel 1<\/p>","protected":false},"featured_media":33299,"template":"","meta":{"_acf_changed":false},"product_brand":[],"product_cat":[128],"product_tag":[134],"class_list":{"0":"post-34204","1":"product","2":"type-product","3":"status-publish","4":"has-post-thumbnail","6":"product_cat-gloves","7":"product_tag-men","8":"pa_size-s","9":"pa_size-m","10":"pa_size-l","11":"pa_size-xl","12":"pa_size-2xl","14":"first","15":"instock","16":"purchasable","17":"product-type-variable","18":"has-default-attributes"},"acf":[],"_links":{"self":[{"href":"https:\/\/www.moorewear.com\/es\/wp-json\/wp\/v2\/product\/34204","targetHints":{"allow":["GET"]}}],"collection":[{"href":"https:\/\/www.moorewear.com\/es\/wp-json\/wp\/v2\/product"}],"about":[{"href":"https:\/\/www.moorewear.com\/es\/wp-json\/wp\/v2\/types\/product"}],"version-history":[{"count":3,"href":"https:\/\/www.moorewear.com\/es\/wp-json\/wp\/v2\/product\/34204\/revisions"}],"predecessor-version":[{"id":34687,"href":"https:\/\/www.moorewear.com\/es\/wp-json\/wp\/v2\/product\/34204\/revisions\/34687"}],"wp:featuredmedia":[{"embeddable":true,"href":"https:\/\/www.moorewear.com\/es\/wp-json\/wp\/v2\/media\/33299"}],"wp:attachment":[{"href":"https:\/\/www.moorewear.com\/es\/wp-json\/wp\/v2\/media?parent=34204"}],"wp:term":[{"taxonomy":"product_brand","embeddable":true,"href":"https:\/\/www.moorewear.com\/es\/wp-json\/wp\/v2\/product_brand?post=34204"},{"taxonomy":"product_cat","embeddable":true,"href":"https:\/\/www.moorewear.com\/es\/wp-json\/wp\/v2\/product_cat?post=34204"},{"taxonomy":"product_tag","embeddable":true,"href":"https:\/\/www.moorewear.com\/es\/wp-json\/wp\/v2\/product_tag?post=34204"}],"curies":[{"name":"wp","href":"https:\/\/api.w.org\/{rel}","templated":true}]}}