{"id":34266,"date":"2025-12-18T14:19:50","date_gmt":"2025-12-18T17:19:50","guid":{"rendered":"https:\/\/www.moorewear.com\/producto\/gloves-air-lady\/"},"modified":"2026-01-07T10:52:52","modified_gmt":"2026-01-07T13:52:52","slug":"gloves-air-lady","status":"publish","type":"product","link":"https:\/\/www.moorewear.com\/es\/producto\/gloves-air-lady\/","title":{"rendered":"GLOVES AIR LADY"},"content":{"rendered":"<p>El guante Air est\u00e1 confeccionado en piel bovina y ofrece una comodidad excepcional. Dise\u00f1ado para climas c\u00e1lidos a muy calurosos, gracias a su tejido mesh y forro interior de micro mesh transpirable.<\/p>\n<p>Incorpora un cierre r\u00e1pido en la mu\u00f1eca mediante velcro, protectores r\u00edgidos en los nudillos Nivel 2, palma reforzada en piel, deslizador de TPU en la palma y refuerzos laterales en los dedos, garantizando una protecci\u00f3n \u00f3ptima en caso de ca\u00edda.\nIdeal tanto para uso urbano como en carretera.<\/p>\n<p>Un guante muy c\u00f3modo que combina perfectamente con las chaquetas Air y Vento 2 para hombre<\/p>\n<p>Un guante muy c\u00f3modo que combina perfectamente con la chaqueta Bahia para mujer.<\/p>\n<p>Producto certificado conforme a la normativa europea EN 13594:2015, Nivel 1<\/p>","protected":false},"excerpt":{"rendered":"<p>Guante confeccionado en tejido mesh y piel bovina<br \/>\nPalma de piel Pittards<br \/>\nForro ultrafino<br \/>\nPuntas de los dedos compatibles con pantallas t\u00e1ctiles<br \/>\nProtectores r\u00edgidos en nudillos, dedos y dorso<br \/>\nRefuerzo en la palma<br \/>\nPu\u00f1os con ajuste de velcro<br \/>\nInserciones de alta visibilidad<br \/>\nProducto certificado conforme a la normativa europea EN 13594:2015, Nivel 1<\/p>","protected":false},"featured_media":33379,"template":"","meta":{"_acf_changed":false},"product_brand":[],"product_cat":[128],"product_tag":[133],"class_list":{"0":"post-34266","1":"product","2":"type-product","3":"status-publish","4":"has-post-thumbnail","6":"product_cat-gloves","7":"product_tag-women","8":"pa_size-s","9":"pa_size-m","10":"pa_size-l","11":"pa_size-xs","13":"first","14":"instock","15":"purchasable","16":"product-type-variable","17":"has-default-attributes"},"acf":[],"_links":{"self":[{"href":"https:\/\/www.moorewear.com\/es\/wp-json\/wp\/v2\/product\/34266","targetHints":{"allow":["GET"]}}],"collection":[{"href":"https:\/\/www.moorewear.com\/es\/wp-json\/wp\/v2\/product"}],"about":[{"href":"https:\/\/www.moorewear.com\/es\/wp-json\/wp\/v2\/types\/product"}],"version-history":[{"count":3,"href":"https:\/\/www.moorewear.com\/es\/wp-json\/wp\/v2\/product\/34266\/revisions"}],"predecessor-version":[{"id":34795,"href":"https:\/\/www.moorewear.com\/es\/wp-json\/wp\/v2\/product\/34266\/revisions\/34795"}],"wp:featuredmedia":[{"embeddable":true,"href":"https:\/\/www.moorewear.com\/es\/wp-json\/wp\/v2\/media\/33379"}],"wp:attachment":[{"href":"https:\/\/www.moorewear.com\/es\/wp-json\/wp\/v2\/media?parent=34266"}],"wp:term":[{"taxonomy":"product_brand","embeddable":true,"href":"https:\/\/www.moorewear.com\/es\/wp-json\/wp\/v2\/product_brand?post=34266"},{"taxonomy":"product_cat","embeddable":true,"href":"https:\/\/www.moorewear.com\/es\/wp-json\/wp\/v2\/product_cat?post=34266"},{"taxonomy":"product_tag","embeddable":true,"href":"https:\/\/www.moorewear.com\/es\/wp-json\/wp\/v2\/product_tag?post=34266"}],"curies":[{"name":"wp","href":"https:\/\/api.w.org\/{rel}","templated":true}]}}