{"id":34271,"date":"2025-12-18T14:19:50","date_gmt":"2025-12-18T17:19:50","guid":{"rendered":"https:\/\/www.moorewear.com\/producto\/gloves-ara-lady-mr\/"},"modified":"2026-01-09T11:32:33","modified_gmt":"2026-01-09T14:32:33","slug":"gloves-ara-lady-mr","status":"publish","type":"product","link":"https:\/\/www.moorewear.com\/es\/producto\/gloves-ara-lady-mr\/","title":{"rendered":"GLOVES ARA LADY"},"content":{"rendered":"<p>El guante Ara est\u00e1 confeccionado en piel bovina y tejido de nailon, con un ajuste espec\u00edfico para mujer.<br \/>\nDise\u00f1ado para su uso en climas fr\u00edos, incorpora aislamiento t\u00e9rmico Thinsulate\u00ae, forro de microfelpa y una membrana impermeable MRX-wp.<\/p>\n<p>Incluye un cierre r\u00e1pido en la mu\u00f1eca con velcro y el\u00e1stico.<br \/>\nEquipado con protectores de nudillos Comfort con absorci\u00f3n de impactos de Nivel 2 y palma de piel con refuerzos.<\/p>\n<p>Ideal para la conducci\u00f3n urbana y combinaci\u00f3n perfecta con las chaquetas Iris y Nea.<\/p>\n<p>Producto certificado conforme a la normativa europea EN 13594:2015, Nivel 1<\/p>","protected":false},"excerpt":{"rendered":"<p>Guante de tejido de nailon y piel bovina<br \/>\nPalma de piel<br \/>\nProtectores de nudillos con absorci\u00f3n de impactos<br \/>\nPuntas de los dedos compatibles con pantallas t\u00e1ctiles<br \/>\nAjuste de velcro en la mu\u00f1eca<br \/>\nForro t\u00e9rmico de microfelpa<br \/>\nAcolchado t\u00e9rmico Thinsulate\u00ae<br \/>\nMembrana MRX-WP 100 % impermeable<br \/>\nProducto certificado conforme a la normativa europea EN 13594:2015, Nivel 1<\/p>","protected":false},"featured_media":33385,"template":"","meta":{"_acf_changed":false},"product_brand":[],"product_cat":[128],"product_tag":[133],"class_list":{"0":"post-34271","1":"product","2":"type-product","3":"status-publish","4":"has-post-thumbnail","6":"product_cat-gloves","7":"product_tag-women","8":"pa_size-s","9":"pa_size-m","10":"pa_size-l","11":"pa_size-xs","13":"first","14":"instock","15":"purchasable","16":"product-type-variable","17":"has-default-attributes"},"acf":[],"_links":{"self":[{"href":"https:\/\/www.moorewear.com\/es\/wp-json\/wp\/v2\/product\/34271","targetHints":{"allow":["GET"]}}],"collection":[{"href":"https:\/\/www.moorewear.com\/es\/wp-json\/wp\/v2\/product"}],"about":[{"href":"https:\/\/www.moorewear.com\/es\/wp-json\/wp\/v2\/types\/product"}],"version-history":[{"count":3,"href":"https:\/\/www.moorewear.com\/es\/wp-json\/wp\/v2\/product\/34271\/revisions"}],"predecessor-version":[{"id":34477,"href":"https:\/\/www.moorewear.com\/es\/wp-json\/wp\/v2\/product\/34271\/revisions\/34477"}],"wp:featuredmedia":[{"embeddable":true,"href":"https:\/\/www.moorewear.com\/es\/wp-json\/wp\/v2\/media\/33385"}],"wp:attachment":[{"href":"https:\/\/www.moorewear.com\/es\/wp-json\/wp\/v2\/media?parent=34271"}],"wp:term":[{"taxonomy":"product_brand","embeddable":true,"href":"https:\/\/www.moorewear.com\/es\/wp-json\/wp\/v2\/product_brand?post=34271"},{"taxonomy":"product_cat","embeddable":true,"href":"https:\/\/www.moorewear.com\/es\/wp-json\/wp\/v2\/product_cat?post=34271"},{"taxonomy":"product_tag","embeddable":true,"href":"https:\/\/www.moorewear.com\/es\/wp-json\/wp\/v2\/product_tag?post=34271"}],"curies":[{"name":"wp","href":"https:\/\/api.w.org\/{rel}","templated":true}]}}