{"id":34281,"date":"2025-12-18T14:19:50","date_gmt":"2025-12-18T17:19:50","guid":{"rendered":"https:\/\/www.moorewear.com\/producto\/gloves-speed-lady\/"},"modified":"2026-01-14T11:02:40","modified_gmt":"2026-01-14T14:02:40","slug":"gloves-speed-lady","status":"publish","type":"product","link":"https:\/\/www.moorewear.com\/es\/producto\/gloves-speed-lady\/","title":{"rendered":"GLOVES SPEED LADY"},"content":{"rendered":"<p>El guante Speed est\u00e1 confeccionado en tejido el\u00e1stico transpirable, con paneles el\u00e1sticos en los dedos para una mayor comodidad. Dise\u00f1ado para climas c\u00e1lidos y muy c\u00e1lidos, gracias a su tejido exterior ventilado y su forro interior de micro malla transpirable.<\/p>\n<p>Incorpora un cierre r\u00e1pido en la mu\u00f1eca con velcro, protectores laterales suaves, protecci\u00f3n de nudillos de Nivel 2 y palma fabricada en Amara.<br \/>\nPerfecto para la conducci\u00f3n urbana<\/p>\n<p>Un guante muy c\u00f3modo que combina perfectamente con las chaquetas Air y Vento 2 para hombre<\/p>\n<p>Un guante muy c\u00f3modo que combina perfectamente con la chaqueta Bahia para mujer.<\/p>\n<p>Producto certificado conforme a la normativa europea EN 13594:2015, Nivel 1<\/p>","protected":false},"excerpt":{"rendered":"<p>Guante de tejido el\u00e1stico transpirable y piel bovina<br \/>\nPalma fabricada en Ammara<br \/>\nRefuerzos en la palma y en los laterales<br \/>\nForro interior extrafino<br \/>\nZona de fuelles en los dedos para una mayor comodidad<br \/>\nPuntas de los dedos compatibles con pantallas t\u00e1ctiles<br \/>\nProtectores r\u00edgidos en los nudillos<br \/>\nAjuste de velcro en la mu\u00f1eca<br \/>\nProducto certificado conforme a la normativa europea EN 13594:2015, Nivel 1<\/p>","protected":false},"featured_media":33399,"template":"","meta":{"_acf_changed":false},"product_brand":[],"product_cat":[128],"product_tag":[133],"class_list":{"0":"post-34281","1":"product","2":"type-product","3":"status-publish","4":"has-post-thumbnail","6":"product_cat-gloves","7":"product_tag-women","8":"pa_size-s","9":"pa_size-m","10":"pa_size-l","11":"pa_size-xs","13":"first","14":"instock","15":"purchasable","16":"product-type-variable","17":"has-default-attributes"},"acf":[],"_links":{"self":[{"href":"https:\/\/www.moorewear.com\/es\/wp-json\/wp\/v2\/product\/34281","targetHints":{"allow":["GET"]}}],"collection":[{"href":"https:\/\/www.moorewear.com\/es\/wp-json\/wp\/v2\/product"}],"about":[{"href":"https:\/\/www.moorewear.com\/es\/wp-json\/wp\/v2\/types\/product"}],"version-history":[{"count":2,"href":"https:\/\/www.moorewear.com\/es\/wp-json\/wp\/v2\/product\/34281\/revisions"}],"predecessor-version":[{"id":34513,"href":"https:\/\/www.moorewear.com\/es\/wp-json\/wp\/v2\/product\/34281\/revisions\/34513"}],"wp:featuredmedia":[{"embeddable":true,"href":"https:\/\/www.moorewear.com\/es\/wp-json\/wp\/v2\/media\/33399"}],"wp:attachment":[{"href":"https:\/\/www.moorewear.com\/es\/wp-json\/wp\/v2\/media?parent=34281"}],"wp:term":[{"taxonomy":"product_brand","embeddable":true,"href":"https:\/\/www.moorewear.com\/es\/wp-json\/wp\/v2\/product_brand?post=34281"},{"taxonomy":"product_cat","embeddable":true,"href":"https:\/\/www.moorewear.com\/es\/wp-json\/wp\/v2\/product_cat?post=34281"},{"taxonomy":"product_tag","embeddable":true,"href":"https:\/\/www.moorewear.com\/es\/wp-json\/wp\/v2\/product_tag?post=34281"}],"curies":[{"name":"wp","href":"https:\/\/api.w.org\/{rel}","templated":true}]}}