{"id":34310,"date":"2025-12-18T14:20:55","date_gmt":"2025-12-18T17:20:55","guid":{"rendered":"https:\/\/www.moorewear.com\/producto\/bots-comfort-zip\/"},"modified":"2026-01-02T16:20:09","modified_gmt":"2026-01-02T19:20:09","slug":"bots-comfort-zip","status":"publish","type":"product","link":"https:\/\/www.moorewear.com\/es\/producto\/bots-comfort-zip\/","title":{"rendered":"BOOTS COMFORT ZIP"},"content":{"rendered":"<p>Bota de estilo urbano que combina a la perfecci\u00f3n tanto con tu equipamiento de moto como con ropa casual, en color marr\u00f3n oscuro, fabricada en piel lisa con acabado vintage\/envejecido.<\/p>\n<p>Incorpora membrana impermeable, refuerzo en la zona exterior del tobillo, cremallera lateral y tirador trasero para facilitar la colocaci\u00f3n, adem\u00e1s de leng\u00fceta acolchada para una mayor comodidad.<\/p>\n<p>Incorpora suela estilo zapatilla con acabado envejecido y puntera reforzada.<\/p>\n<p>Equipada con plantilla de triple densidad de alto confort con soporte de arco, propiedades antibacterianas y antif\u00fangicas, absorbente de la humedad y de secado r\u00e1pido.<\/p>","protected":false},"excerpt":{"rendered":"<p>Bota de piel bovina lisa con efecto envejecido\/usado<br \/>\nSuela estilo zapatilla con acabado envejecido<br \/>\nRefuerzos en el tobillo exterior<br \/>\nCremallera interior para facilitar la colocaci\u00f3n<br \/>\nAjuste mediante cordones<br \/>\nForro transpirable<br \/>\nPlantilla muy c\u00f3moda<br \/>\nMembrana MRX-WP 100 % impermeable<br \/>\nProducto certificado conforme a la norma europea EN 13634:2017<\/p>","protected":false},"featured_media":33438,"template":"","meta":{"_acf_changed":false},"product_brand":[],"product_cat":[130],"product_tag":[134],"class_list":{"0":"post-34310","1":"product","2":"type-product","3":"status-publish","4":"has-post-thumbnail","6":"product_cat-boots","7":"product_tag-men","8":"pa_size-104","9":"pa_size-114","10":"pa_size-115","11":"pa_size-116","12":"pa_size-117","13":"pa_size-118","14":"pa_size-119","16":"first","17":"instock","18":"purchasable","19":"product-type-variable","20":"has-default-attributes"},"acf":[],"_links":{"self":[{"href":"https:\/\/www.moorewear.com\/es\/wp-json\/wp\/v2\/product\/34310","targetHints":{"allow":["GET"]}}],"collection":[{"href":"https:\/\/www.moorewear.com\/es\/wp-json\/wp\/v2\/product"}],"about":[{"href":"https:\/\/www.moorewear.com\/es\/wp-json\/wp\/v2\/types\/product"}],"version-history":[{"count":3,"href":"https:\/\/www.moorewear.com\/es\/wp-json\/wp\/v2\/product\/34310\/revisions"}],"predecessor-version":[{"id":34609,"href":"https:\/\/www.moorewear.com\/es\/wp-json\/wp\/v2\/product\/34310\/revisions\/34609"}],"wp:featuredmedia":[{"embeddable":true,"href":"https:\/\/www.moorewear.com\/es\/wp-json\/wp\/v2\/media\/33438"}],"wp:attachment":[{"href":"https:\/\/www.moorewear.com\/es\/wp-json\/wp\/v2\/media?parent=34310"}],"wp:term":[{"taxonomy":"product_brand","embeddable":true,"href":"https:\/\/www.moorewear.com\/es\/wp-json\/wp\/v2\/product_brand?post=34310"},{"taxonomy":"product_cat","embeddable":true,"href":"https:\/\/www.moorewear.com\/es\/wp-json\/wp\/v2\/product_cat?post=34310"},{"taxonomy":"product_tag","embeddable":true,"href":"https:\/\/www.moorewear.com\/es\/wp-json\/wp\/v2\/product_tag?post=34310"}],"curies":[{"name":"wp","href":"https:\/\/api.w.org\/{rel}","templated":true}]}}