{"id":34318,"date":"2025-12-18T14:20:55","date_gmt":"2025-12-18T17:20:55","guid":{"rendered":"https:\/\/www.moorewear.com\/producto\/rain-set-twill\/"},"modified":"2026-01-07T11:04:00","modified_gmt":"2026-01-07T14:04:00","slug":"rain-set-twill","status":"publish","type":"product","link":"https:\/\/www.moorewear.com\/es\/producto\/rain-set-twill\/","title":{"rendered":"CONJUNTO DE LLUVIA TWILL"},"content":{"rendered":"<p>El conjunto impermeable Rain Twill est\u00e1 confeccionado con nuestro tejido de poli\u00e9ster M01 Twill, dise\u00f1ado para ofrecer un rendimiento \u00f3ptimo en condiciones meteorol\u00f3gicas extremas. Es 100 % impermeable y cuenta con costuras reforzadas en las zonas cr\u00edticas de mayor fricci\u00f3n.<\/p>\n<p>Garantiza protecci\u00f3n frente a lluvias intensas y muy intensas, as\u00ed como ante fuertes nevadas, con una resistencia a la columna de agua de 20.000 mm.<\/p>\n<p>La chaqueta incorpora cierre frontal con cremallera y solapa cortavientos con velcro, adem\u00e1s de cuello alto forrado en microfibra para una mayor comodidad y baja absorci\u00f3n de la humedad.<br \/>\nTanto la chaqueta como el pantal\u00f3n incorporan forro de malla para favorecer la recirculaci\u00f3n del aire. El pantal\u00f3n cuenta con cintura el\u00e1stica con cord\u00f3n de ajuste regulable.<\/p>\n<p>Los elementos reflectantes garantizan una alta visibilidad incluso en las condiciones m\u00e1s adversas.<\/p>\n<p>Un complemento imprescindible que nunca deber\u00eda faltar en tu equipamiento de moto.<\/p>","protected":false},"excerpt":{"rendered":"<p>Conjunto impermeable (pantal\u00f3n y chaqueta)<br \/>\nColumna de agua de 20.000 mm.<br \/>\nTejido de poli\u00e9ster M01 Twill 240T<br \/>\nForro interior de malla tanto en la chaqueta como en el pantal\u00f3n<br \/>\nEl\u00e1stico en la parte trasera de la chaqueta para un mejor ajuste<br \/>\nDos bolsillos exteriores en la chaqueta y un bolsillo interior<br \/>\nCosturas termoselladas<br \/>\nInserciones reflectantes en el pantal\u00f3n y la chaqueta<br \/>\nBolsa para almacenamiento y transporte<br \/>\nAjuste en el tobillo con velcro y cremallera hasta la pantorrilla<\/p>","protected":false},"featured_media":34604,"template":"","meta":{"_acf_changed":false},"product_brand":[],"product_cat":[131],"product_tag":[134],"class_list":{"0":"post-34318","1":"product","2":"type-product","3":"status-publish","4":"has-post-thumbnail","6":"product_cat-rain-wear","7":"product_tag-men","8":"pa_size-s","9":"pa_size-m","10":"pa_size-l","11":"pa_size-xl","12":"pa_size-2xl","13":"pa_size-3xl","14":"pa_size-4xl","15":"pa_size-5xl","16":"pa_size-6xl","17":"pa_size-xs","19":"first","20":"instock","21":"purchasable","22":"product-type-variable","23":"has-default-attributes"},"acf":[],"_links":{"self":[{"href":"https:\/\/www.moorewear.com\/es\/wp-json\/wp\/v2\/product\/34318","targetHints":{"allow":["GET"]}}],"collection":[{"href":"https:\/\/www.moorewear.com\/es\/wp-json\/wp\/v2\/product"}],"about":[{"href":"https:\/\/www.moorewear.com\/es\/wp-json\/wp\/v2\/types\/product"}],"version-history":[{"count":3,"href":"https:\/\/www.moorewear.com\/es\/wp-json\/wp\/v2\/product\/34318\/revisions"}],"predecessor-version":[{"id":34793,"href":"https:\/\/www.moorewear.com\/es\/wp-json\/wp\/v2\/product\/34318\/revisions\/34793"}],"wp:featuredmedia":[{"embeddable":true,"href":"https:\/\/www.moorewear.com\/es\/wp-json\/wp\/v2\/media\/34604"}],"wp:attachment":[{"href":"https:\/\/www.moorewear.com\/es\/wp-json\/wp\/v2\/media?parent=34318"}],"wp:term":[{"taxonomy":"product_brand","embeddable":true,"href":"https:\/\/www.moorewear.com\/es\/wp-json\/wp\/v2\/product_brand?post=34318"},{"taxonomy":"product_cat","embeddable":true,"href":"https:\/\/www.moorewear.com\/es\/wp-json\/wp\/v2\/product_cat?post=34318"},{"taxonomy":"product_tag","embeddable":true,"href":"https:\/\/www.moorewear.com\/es\/wp-json\/wp\/v2\/product_tag?post=34318"}],"curies":[{"name":"wp","href":"https:\/\/api.w.org\/{rel}","templated":true}]}}