{"id":34339,"date":"2025-12-18T14:21:22","date_gmt":"2025-12-18T17:21:22","guid":{"rendered":"https:\/\/www.moorewear.com\/producto\/rain-twill-pant\/"},"modified":"2026-01-02T16:21:51","modified_gmt":"2026-01-02T19:21:51","slug":"rain-twill-pant","status":"publish","type":"product","link":"https:\/\/www.moorewear.com\/es\/producto\/rain-twill-pant\/","title":{"rendered":"PANTAL\u00d3N DE LLUVIA TWILL"},"content":{"rendered":"<p>El pantal\u00f3n impermeable Rain Twill est\u00e1 confeccionado con nuestro tejido de poli\u00e9ster M01 Twill, dise\u00f1ado para ofrecer un rendimiento \u00f3ptimo en condiciones meteorol\u00f3gicas extremas. Es 100 % impermeable y cuenta con costuras reforzadas en las zonas de mayor fricci\u00f3n.<\/p>\n<p>Garantizan una protecci\u00f3n impermeable total frente a lluvias intensas y muy intensas, as\u00ed como ante fuertes nevadas, con una resistencia a la columna de agua de 20.000 mm.<\/p>\n<p>Incorpora forro de malla para favorecer la circulaci\u00f3n del aire y cintura con el\u00e1stico y cord\u00f3n de ajuste regulable.<br \/>\nLa zona del tobillo incorpora cremallera, el\u00e1stico y cierre de velcro, lo que permite un ajuste seguro y preciso alrededor del tobillo.<\/p>\n<p>Las zonas reflectantes en la pantorrilla y en el cierre inferior garantizan una alta visibilidad incluso en las condiciones m\u00e1s adversas.<\/p>\n<p>La combinaci\u00f3n perfecta para tus chaquetas Moore en los d\u00edas de lluvia.<\/p>","protected":false},"excerpt":{"rendered":"<p>Pantal\u00f3n impermeable con forro interior de malla<br \/>\nColumna de agua de 20.000 mm.<br \/>\nTejido de poli\u00e9ster M01 Twill 240T<br \/>\nCosturas termoselladas<br \/>\nInserciones reflectantes en el pantal\u00f3n y la chaqueta<br \/>\nBolsa para almacenamiento y transporte<br \/>\nAjustes en los tobillos con velcro y cremalleras<\/p>","protected":false},"featured_media":33472,"template":"","meta":{"_acf_changed":false},"product_brand":[],"product_cat":[131],"product_tag":[134],"class_list":{"0":"post-34339","1":"product","2":"type-product","3":"status-publish","4":"has-post-thumbnail","6":"product_cat-rain-wear","7":"product_tag-men","8":"pa_size-s","9":"pa_size-m","10":"pa_size-l","11":"pa_size-xl","12":"pa_size-2xl","13":"pa_size-3xl","14":"pa_size-4xl","15":"pa_size-5xl","16":"pa_size-6xl","18":"first","19":"instock","20":"purchasable","21":"product-type-variable","22":"has-default-attributes"},"acf":[],"_links":{"self":[{"href":"https:\/\/www.moorewear.com\/es\/wp-json\/wp\/v2\/product\/34339","targetHints":{"allow":["GET"]}}],"collection":[{"href":"https:\/\/www.moorewear.com\/es\/wp-json\/wp\/v2\/product"}],"about":[{"href":"https:\/\/www.moorewear.com\/es\/wp-json\/wp\/v2\/types\/product"}],"version-history":[{"count":2,"href":"https:\/\/www.moorewear.com\/es\/wp-json\/wp\/v2\/product\/34339\/revisions"}],"predecessor-version":[{"id":34653,"href":"https:\/\/www.moorewear.com\/es\/wp-json\/wp\/v2\/product\/34339\/revisions\/34653"}],"wp:featuredmedia":[{"embeddable":true,"href":"https:\/\/www.moorewear.com\/es\/wp-json\/wp\/v2\/media\/33472"}],"wp:attachment":[{"href":"https:\/\/www.moorewear.com\/es\/wp-json\/wp\/v2\/media?parent=34339"}],"wp:term":[{"taxonomy":"product_brand","embeddable":true,"href":"https:\/\/www.moorewear.com\/es\/wp-json\/wp\/v2\/product_brand?post=34339"},{"taxonomy":"product_cat","embeddable":true,"href":"https:\/\/www.moorewear.com\/es\/wp-json\/wp\/v2\/product_cat?post=34339"},{"taxonomy":"product_tag","embeddable":true,"href":"https:\/\/www.moorewear.com\/es\/wp-json\/wp\/v2\/product_tag?post=34339"}],"curies":[{"name":"wp","href":"https:\/\/api.w.org\/{rel}","templated":true}]}}