{"id":34358,"date":"2025-12-18T14:22:05","date_gmt":"2025-12-18T17:22:05","guid":{"rendered":"https:\/\/www.moorewear.com\/producto\/moore-protect-228x99x124\/"},"modified":"2026-01-02T16:25:46","modified_gmt":"2026-01-02T19:25:46","slug":"moore-protect-228x99x124","status":"publish","type":"product","link":"https:\/\/www.moorewear.com\/es\/producto\/moore-protect-228x99x124\/","title":{"rendered":"PROTECTOR MOORE - 228X99X124"},"content":{"rendered":"<p>La funda para motocicleta Moore Protect est\u00e1 fabricada en 100 % poli\u00e9ster, con costuras dobles reforzadas y doble anilla de aluminio en la parte delantera para facilitar la colocaci\u00f3n de un candado antirrobo.<br \/>\nIncluye una correa de ajuste inferior y zonas el\u00e1sticas en la parte delantera y trasera para un mejor ajuste.<br \/>\nRecomendada para uso tanto en interiores como en exteriores.<\/p>\n<p>Incluye bolsa para transporte y almacenamiento.<\/p>","protected":false},"excerpt":{"rendered":"<p>The Moore Protect motorcycle cover is made from 100% polyester, featuring reinforced double stitching and a dual aluminum ring at<\/p>","protected":false},"featured_media":33494,"template":"","meta":{"_acf_changed":false},"product_brand":[],"product_cat":[129],"product_tag":[],"class_list":{"0":"post-34358","1":"product","2":"type-product","3":"status-publish","4":"has-post-thumbnail","6":"product_cat-accesories","7":"pa_size-m","9":"first","10":"instock","11":"purchasable","12":"product-type-simple"},"acf":[],"_links":{"self":[{"href":"https:\/\/www.moorewear.com\/es\/wp-json\/wp\/v2\/product\/34358","targetHints":{"allow":["GET"]}}],"collection":[{"href":"https:\/\/www.moorewear.com\/es\/wp-json\/wp\/v2\/product"}],"about":[{"href":"https:\/\/www.moorewear.com\/es\/wp-json\/wp\/v2\/types\/product"}],"version-history":[{"count":1,"href":"https:\/\/www.moorewear.com\/es\/wp-json\/wp\/v2\/product\/34358\/revisions"}],"predecessor-version":[{"id":34359,"href":"https:\/\/www.moorewear.com\/es\/wp-json\/wp\/v2\/product\/34358\/revisions\/34359"}],"wp:featuredmedia":[{"embeddable":true,"href":"https:\/\/www.moorewear.com\/es\/wp-json\/wp\/v2\/media\/33494"}],"wp:attachment":[{"href":"https:\/\/www.moorewear.com\/es\/wp-json\/wp\/v2\/media?parent=34358"}],"wp:term":[{"taxonomy":"product_brand","embeddable":true,"href":"https:\/\/www.moorewear.com\/es\/wp-json\/wp\/v2\/product_brand?post=34358"},{"taxonomy":"product_cat","embeddable":true,"href":"https:\/\/www.moorewear.com\/es\/wp-json\/wp\/v2\/product_cat?post=34358"},{"taxonomy":"product_tag","embeddable":true,"href":"https:\/\/www.moorewear.com\/es\/wp-json\/wp\/v2\/product_tag?post=34358"}],"curies":[{"name":"wp","href":"https:\/\/api.w.org\/{rel}","templated":true}]}}